{"id":242180,"date":"2022-12-14T20:38:28","date_gmt":"2022-12-14T20:38:28","guid":{"rendered":"https:\/\/learningamongtheoaks.org\/proyecto-de-camaras-de-vida-silvestre\/"},"modified":"2025-12-16T22:59:38","modified_gmt":"2025-12-16T22:59:38","slug":"proyecto-de-camaras-de-vida-silvestre","status":"publish","type":"page","link":"https:\/\/learningamongtheoaks.org\/es\/proyecto-de-camaras-de-vida-silvestre\/","title":{"rendered":"Proyecto de C\u00e1maras de Vida Silvestre"},"content":{"rendered":"<p>[et_pb_section fb_built=\u00bb1&#8243; _builder_version=\u00bb4.18.1&#8243; _module_preset=\u00bbdefault\u00bb background_image=\u00bbhttps:\/\/learningamongtheoaks.org\/wp-content\/uploads\/2022\/08\/E-news-covers-1.png\u00bb custom_padding=\u00bb3.4%||3.4%||true|false\u00bb global_colors_info=\u00bb{}\u00bb][et_pb_row _builder_version=\u00bb4.27.4&#8243; _module_preset=\u00bbdefault\u00bb global_colors_info=\u00bb{}\u00bb][et_pb_column type=\u00bb4_4&#8243; _builder_version=\u00bb4.17.4&#8243; _module_preset=\u00bbdefault\u00bb global_colors_info=\u00bb{}\u00bb][et_pb_text _builder_version=\u00bb4.27.4&#8243; _module_preset=\u00bbdefault\u00bb header_font=\u00bbAlegreya Sans||||||||\u00bb header_text_align=\u00bbcenter\u00bb header_text_color=\u00bb#FFFFFF\u00bb header_font_size=\u00bb58px\u00bb header_text_shadow_style=\u00bbpreset3&#8243; header_text_shadow_horizontal_length=\u00bb0.01em\u00bb header_text_shadow_vertical_length=\u00bb0.01em\u00bb header_text_shadow_blur_strength=\u00bb0.56em\u00bb header_text_shadow_color=\u00bbrgba(0,0,0,0.86)\u00bb global_colors_info=\u00bb{}\u00bb]<\/p>\n<h1>Proyecto de C\u00e1maras de Vida Silvestre<\/h1>\n<p>[\/et_pb_text][\/et_pb_column][\/et_pb_row][\/et_pb_section][et_pb_section fb_built=\u00bb1&#8243; custom_padding_last_edited=\u00bbon|tablet\u00bb admin_label=\u00bbAbout\u00bb _builder_version=\u00bb4.19.3&#8243; _module_preset=\u00bbdefault\u00bb background_image=\u00bbhttps:\/\/learningamongtheoaks.org\/wp-content\/uploads\/2022\/09\/oak-leaves-background.jpg\u00bb parallax=\u00bbon\u00bb parallax_method=\u00bboff\u00bb custom_margin=\u00bb0px||0px||true|false\u00bb custom_padding=\u00bb3%||3%||true|false\u00bb custom_padding_tablet=\u00bb|10vw||10vw||true\u00bb custom_padding_phone=\u00bb\u00bb custom_width_px__hover=\u00bb1080px\u00bb custom_width_px__hover_enabled=\u00bb1080px\u00bb custom_width_percent__hover=\u00bb80%\u00bb custom_width_percent__hover_enabled=\u00bb80%\u00bb global_colors_info=\u00bb{}\u00bb gutter_width__hover=\u00bb3&#8243; gutter_width__hover_enabled=\u00bb3&#8243; parallax_1__hover=\u00bboff\u00bb parallax_1__hover_enabled=\u00bboff\u00bb parallax_2__hover=\u00bboff\u00bb parallax_2__hover_enabled=\u00bboff\u00bb parallax_3__hover=\u00bboff\u00bb parallax_3__hover_enabled=\u00bboff\u00bb parallax_method_1__hover=\u00bbon\u00bb parallax_method_1__hover_enabled=\u00bbon\u00bb parallax_method_2__hover=\u00bbon\u00bb parallax_method_2__hover_enabled=\u00bbon\u00bb parallax_method_3__hover=\u00bbon\u00bb parallax_method_3__hover_enabled=\u00bbon\u00bb use_background_color_gradient__hover=\u00bboff\u00bb use_background_color_gradient__hover_enabled=\u00bboff\u00bb background_color_gradient_start__hover=\u00bb#2b87da\u00bb background_color_gradient_start__hover_enabled=\u00bb#2b87da\u00bb background_color_gradient_end__hover=\u00bb#29c4a9&#8243; background_color_gradient_end__hover_enabled=\u00bb#29c4a9&#8243; background_color_gradient_type__hover=\u00bblinear\u00bb background_color_gradient_type__hover_enabled=\u00bblinear\u00bb background_color_gradient_direction__hover=\u00bb180deg\u00bb background_color_gradient_direction__hover_enabled=\u00bb180deg\u00bb background_color_gradient_direction_radial__hover=\u00bbcenter\u00bb background_color_gradient_direction_radial__hover_enabled=\u00bbcenter\u00bb background_color_gradient_start_position__hover=\u00bb0%\u00bb background_color_gradient_start_position__hover_enabled=\u00bb0%\u00bb background_color_gradient_end_position__hover=\u00bb100%\u00bb background_color_gradient_end_position__hover_enabled=\u00bb100%\u00bb background_color_gradient_overlays_image__hover=\u00bboff\u00bb background_color_gradient_overlays_image__hover_enabled=\u00bboff\u00bb parallax__hover=\u00bboff\u00bb parallax__hover_enabled=\u00bboff\u00bb parallax_method__hover=\u00bbon\u00bb parallax_method__hover_enabled=\u00bbon\u00bb background_size__hover=\u00bbcover\u00bb background_size__hover_enabled=\u00bbcover\u00bb background_position__hover=\u00bbcenter\u00bb background_position__hover_enabled=\u00bbcenter\u00bb background_repeat__hover=\u00bbno-repeat\u00bb background_repeat__hover_enabled=\u00bbno-repeat\u00bb background_blend__hover=\u00bbnormal\u00bb background_blend__hover_enabled=\u00bbnormal\u00bb allow_player_pause__hover=\u00bboff\u00bb allow_player_pause__hover_enabled=\u00bboff\u00bb background_video_pause_outside_viewport__hover=\u00bbon\u00bb background_video_pause_outside_viewport__hover_enabled=\u00bbon\u00bb inner_shadow__hover=\u00bboff\u00bb inner_shadow__hover_enabled=\u00bboff\u00bb make_fullwidth__hover=\u00bboff\u00bb make_fullwidth__hover_enabled=\u00bboff\u00bb use_custom_width__hover=\u00bboff\u00bb use_custom_width__hover_enabled=\u00bboff\u00bb width_unit__hover=\u00bbon\u00bb width_unit__hover_enabled=\u00bbon\u00bb make_equal__hover=\u00bboff\u00bb make_equal__hover_enabled=\u00bboff\u00bb use_custom_gutter__hover=\u00bboff\u00bb use_custom_gutter__hover_enabled=\u00bboff\u00bb border_radii__hover=\u00bbon||||\u00bb border_radii__hover_enabled=\u00bbon||||\u00bb box_shadow_style__hover=\u00bbnone\u00bb box_shadow_style__hover_enabled=\u00bbnone\u00bb box_shadow_color__hover=\u00bbrgba(0,0,0,0.3)\u00bb box_shadow_color__hover_enabled=\u00bbrgba(0,0,0,0.3)\u00bb max_width__hover=\u00bb100%\u00bb max_width__hover_enabled=\u00bb100%\u00bb filter_hue_rotate__hover=\u00bb0deg\u00bb filter_hue_rotate__hover_enabled=\u00bb0deg\u00bb filter_saturate__hover=\u00bb100%\u00bb filter_saturate__hover_enabled=\u00bb100%\u00bb filter_brightness__hover=\u00bb100%\u00bb filter_brightness__hover_enabled=\u00bb100%\u00bb filter_contrast__hover=\u00bb100%\u00bb filter_contrast__hover_enabled=\u00bb100%\u00bb filter_invert__hover=\u00bb0%\u00bb filter_invert__hover_enabled=\u00bb0%\u00bb filter_sepia__hover=\u00bb0%\u00bb filter_sepia__hover_enabled=\u00bb0%\u00bb filter_opacity__hover=\u00bb100%\u00bb filter_opacity__hover_enabled=\u00bb100%\u00bb filter_blur__hover=\u00bb0px\u00bb filter_blur__hover_enabled=\u00bb0px\u00bb mix_blend_mode__hover=\u00bbnormal\u00bb mix_blend_mode__hover_enabled=\u00bbnormal\u00bb animation_style__hover=\u00bbnone\u00bb animation_style__hover_enabled=\u00bbnone\u00bb animation_repeat__hover=\u00bbonce\u00bb animation_repeat__hover_enabled=\u00bbonce\u00bb animation_direction__hover=\u00bbcenter\u00bb animation_direction__hover_enabled=\u00bbcenter\u00bb animation_duration__hover=\u00bb1000ms\u00bb animation_duration__hover_enabled=\u00bb1000ms\u00bb animation_delay__hover=\u00bb0ms\u00bb animation_delay__hover_enabled=\u00bb0ms\u00bb animation_intensity_slide__hover=\u00bb50%\u00bb animation_intensity_slide__hover_enabled=\u00bb50%\u00bb animation_intensity_zoom__hover=\u00bb50%\u00bb animation_intensity_zoom__hover_enabled=\u00bb50%\u00bb animation_intensity_flip__hover=\u00bb50%\u00bb animation_intensity_flip__hover_enabled=\u00bb50%\u00bb animation_intensity_fold__hover=\u00bb50%\u00bb animation_intensity_fold__hover_enabled=\u00bb50%\u00bb animation_intensity_roll__hover=\u00bb50%\u00bb animation_intensity_roll__hover_enabled=\u00bb50%\u00bb animation_starting_opacity__hover=\u00bb0%\u00bb animation_starting_opacity__hover_enabled=\u00bb0%\u00bb animation_speed_curve__hover=\u00bbease-in-out\u00bb animation_speed_curve__hover_enabled=\u00bbease-in-out\u00bb hover_transition_duration__hover=\u00bb300ms\u00bb hover_transition_duration__hover_enabled=\u00bb300ms\u00bb hover_transition_delay__hover=\u00bb0ms\u00bb hover_transition_delay__hover_enabled=\u00bb0ms\u00bb hover_transition_speed_curve__hover=\u00bbease\u00bb hover_transition_speed_curve__hover_enabled=\u00bbease\u00bb background_color_gradient_stops__hover=\u00bb#2b87da 0%|#29c4a9 100%\u00bb][et_pb_row _builder_version=\u00bb4.17.4&#8243; _module_preset=\u00bbdefault\u00bb max_width=\u00bb1920px\u00bb module_alignment=\u00bbcenter\u00bb custom_padding=\u00bb27px|0px|0|0px|false|false\u00bb use_custom_width=\u00bbon\u00bb width_unit=\u00bboff\u00bb custom_width_percent=\u00bb100%\u00bb global_colors_info=\u00bb{}\u00bb][et_pb_column type=\u00bb4_4&#8243; _builder_version=\u00bb4.16&#8243; _module_preset=\u00bbdefault\u00bb custom_padding=\u00bb|||\u00bb custom_padding_tablet=\u00bb|10vw||10vw||true\u00bb custom_padding_phone=\u00bb|||\u00bb custom_padding_last_edited=\u00bboff|desktop\u00bb global_colors_info=\u00bb{}\u00bb custom_padding__hover=\u00bb|||\u00bb][et_pb_text _builder_version=\u00bb4.17.4&#8243; _module_preset=\u00bbdefault\u00bb header_font=\u00bb||||||||\u00bb header_2_font=\u00bbAlegreya Sans||||||||\u00bb header_2_text_color=\u00bbgcid-51eaea78-813f-4272-b8b7-c3e452251e13&#8243; header_2_font_size=\u00bb43px\u00bb header_2_line_height=\u00bb1.4em\u00bb custom_margin=\u00bb||0px|||\u00bb header_2_font_size_tablet=\u00bb30px\u00bb header_2_font_size_phone=\u00bb24px\u00bb header_2_font_size_last_edited=\u00bbon|phone\u00bb global_colors_info=\u00bb{%22gcid-51eaea78-813f-4272-b8b7-c3e452251e13%22:%91%22header_2_text_color%22%93}\u00bb]<\/p>\n<h2>Sobre Proyecto de C\u00e1maras de Vida Silvestre<\/h2>\n<p>[\/et_pb_text][et_pb_divider show_divider=\u00bboff\u00bb _builder_version=\u00bb4.17.4&#8243; _module_preset=\u00bbdefault\u00bb max_width=\u00bb80px\u00bb height=\u00bb3px\u00bb global_colors_info=\u00bb{}\u00bb]<br \/>\n[\/et_pb_divider][\/et_pb_column][\/et_pb_row][et_pb_row column_structure=\u00bb1_2,1_2&#8243; _builder_version=\u00bb4.27.4&#8243; _module_preset=\u00bbdefault\u00bb background_color=\u00bbRGBA(255,255,255,0)\u00bb max_width=\u00bb1920px\u00bb module_alignment=\u00bbcenter\u00bb custom_padding=\u00bb5px||26px|||\u00bb hover_enabled=\u00bb0&#8243; use_custom_width=\u00bbon\u00bb width_unit=\u00bboff\u00bb custom_width_percent=\u00bb100%\u00bb global_colors_info=\u00bb{}\u00bb sticky_enabled=\u00bb0&#8243;][et_pb_column type=\u00bb1_2&#8243; _builder_version=\u00bb4.16&#8243; _module_preset=\u00bbdefault\u00bb custom_padding=\u00bb|||\u00bb custom_padding_tablet=\u00bb|10vw||10vw||true\u00bb custom_padding_phone=\u00bb|||\u00bb custom_padding_last_edited=\u00bboff|desktop\u00bb hover_enabled=\u00bb0&#8243; global_colors_info=\u00bb{}\u00bb custom_padding__hover=\u00bb|||\u00bb sticky_enabled=\u00bb0&#8243;][et_pb_text _builder_version=\u00bb4.27.4&#8243; _module_preset=\u00bbdefault\u00bb text_font=\u00bbLato||||||||\u00bb text_font_size=\u00bb18px\u00bb text_line_height=\u00bb1.9em\u00bb header_2_font=\u00bb||||||||\u00bb background_color=\u00bbRGBA(255,255,255,0)\u00bb hover_enabled=\u00bb0&#8243; text_font_size_tablet=\u00bb14px\u00bb text_font_size_phone=\u00bb\u00bb text_font_size_last_edited=\u00bbon|phone\u00bb global_colors_info=\u00bb{}\u00bb sticky_enabled=\u00bb0&#8243;]<\/p>\n<p>El Proyecto de C\u00e1mara de Vida Silvestre proporciona una ventana sobre las actividades animales en los bosques de robles locales. Aunque a veces vemos p\u00e1jaros, incluso un \u00e1guila calva, la mayor\u00eda de las im\u00e1genes son de mam\u00edferos recorriendo sus vidas, a menudo por la noche, en busca de alimento, agua, una pareja o un lugar para refugiarse. El proyecto comenz\u00f3 en el sendero Santa Margarita Ranch LATO Trail en 2011 como un Proyecto Senior de Cal Poly para Christina McAdams, 2012 B.S. Gesti\u00f3n y Protecci\u00f3n Ambiental. Christina trabaj\u00f3 con la asesora de Cal Poly Biological Sciences El profesor John Perrine, PhD, para desarrollar el proyecto con estos objetivos en mente:   <\/p>\n<ol>\n<li>Estimular el inter\u00e9s p\u00fablico en aprender sobre la fauna local y los problemas de conservaci\u00f3n de h\u00e1bitats<\/li>\n<li>Ayuda a nuestra comunidad a entender mejor c\u00f3mo vivir en armon\u00eda con nuestros vecinos salvajes<\/li>\n<li>Ayuda a los estudiantes a entender c\u00f3mo los cient\u00edficos utilizan las c\u00e1maras de vida silvestre como herramienta de investigaci\u00f3n<\/li>\n<li>Ofrecer a los estudiantes la oportunidad de trabajar y aprender de estudiantes universitarios de biolog\u00eda de campo que gestionan e interpretan datos de WCP<\/li>\n<\/ol>\n<p>En la \u00faltima d\u00e9cada, el proyecto se ha ampliado para incluir yacimientos de roble en todo el condado de San Luis Obispo y cuenta con equipos de voluntarios dedicados y formados.<\/p>\n<p>[\/et_pb_text][\/et_pb_column][et_pb_column type=\u00bb1_2&#8243; _builder_version=\u00bb4.16&#8243; _module_preset=\u00bbdefault\u00bb custom_padding=\u00bb|||\u00bb custom_padding_tablet=\u00bb0vw|||\u00bb custom_padding_last_edited=\u00bboff|desktop\u00bb global_colors_info=\u00bb{}\u00bb custom_padding__hover=\u00bb|||\u00bb][et_pb_image src=\u00bbhttps:\/\/learningamongtheoaks.org\/wp-content\/uploads\/2022\/12\/IMG_3569.jpeg\u00bb alt=\u00bb\u00a1Personal de Land Conservancy instalando c\u00e1maras de vida silvestre!\u00bb title_text=\u00bbIMG_3569&#8243; _builder_version=\u00bb4.27.2&#8243; _module_preset=\u00bbdefault\u00bb global_colors_info=\u00bb{}\u00bb][\/et_pb_image][\/et_pb_column][\/et_pb_row][et_pb_row _builder_version=\u00bb4.24.0&#8243; _module_preset=\u00bbdefault\u00bb min_height=\u00bb65.8px\u00bb height=\u00bb100px\u00bb max_height=\u00bb1000px\u00bb custom_margin=\u00bb|auto|57px|auto||\u00bb custom_padding=\u00bb0px||15px|||\u00bb global_colors_info=\u00bb{}\u00bb][et_pb_column type=\u00bb4_4&#8243; _builder_version=\u00bb4.24.0&#8243; _module_preset=\u00bbdefault\u00bb global_colors_info=\u00bb{}\u00bb][et_pb_button button_url=\u00bbhttps:\/\/learningamongtheoaks.smugmug.com\/Wildlife-Cameras\u00bb url_new_window=\u00bbon\u00bb button_text=\u00bbIm\u00e1genes del Proyecto de C\u00e1maras de Vida Silvestre\u00bb button_alignment=\u00bbcenter\u00bb _builder_version=\u00bb4.24.0&#8243; _module_preset=\u00bbdefault\u00bb custom_button=\u00bbon\u00bb button_text_size=\u00bb35px\u00bb button_text_color=\u00bb#FFFFFF\u00bb button_bg_color=\u00bbgcid-0c6e787f-14da-4be0-bb81-9886d5e72d41&#8243; button_border_color=\u00bbgcid-0c6e787f-14da-4be0-bb81-9886d5e72d41&#8243; button_letter_spacing=\u00bb1px\u00bb custom_margin=\u00bb20px|||||\u00bb custom_padding=\u00bb0px|36px|0px|36px|false|false\u00bb hover_enabled=\u00bb0&#8243; global_colors_info=\u00bb{%22gcid-0c6e787f-14da-4be0-bb81-9886d5e72d41%22:%91%22button_bg_color%22,%22button_border_color%22%93}\u00bb sticky_enabled=\u00bb0&#8243;][\/et_pb_button][\/et_pb_column][\/et_pb_row][et_pb_row _builder_version=\u00bb4.19.3&#8243; _module_preset=\u00bbdefault\u00bb max_width=\u00bb1895px\u00bb custom_margin=\u00bb1%||1%||true|false\u00bb custom_padding=\u00bb0px||0px||true|false\u00bb global_colors_info=\u00bb{}\u00bb][et_pb_column type=\u00bb4_4&#8243; _builder_version=\u00bb4.19.3&#8243; _module_preset=\u00bbdefault\u00bb global_colors_info=\u00bb{}\u00bb][et_pb_code _builder_version=\u00bb4.24.0&#8243; _module_preset=\u00bbdefault\u00bb module_alignment=\u00bbcenter\u00bb custom_padding=\u00bb|||50px|false|false\u00bb global_colors_info=\u00bb{}\u00bb]<iframe loading=\"lazy\" src=\"https:\/\/learningamongtheoaks.smugmug.com\/frame\/slideshow?key=TFr9pW&amp;speed=3&amp;transition=fade&amp;autoStart=1&amp;captions=0&amp;navigation=0&amp;playButton=0&amp;randomize=0&amp;transitionSpeed=2\" width=\"1400\" height=\"700\" frameborder=\"no\" scrolling=\"no\"><\/iframe>[\/et_pb_code][\/et_pb_column][\/et_pb_row][\/et_pb_section]<\/p>\n","protected":false},"excerpt":{"rendered":"<p>Proyecto de C\u00e1maras de Vida SilvestreSobre Proyecto de C\u00e1maras de Vida Silvestre El Proyecto de C\u00e1mara de Vida Silvestre proporciona una ventana sobre las actividades animales en los bosques de robles locales. Aunque a veces vemos p\u00e1jaros, incluso un \u00e1guila calva, la mayor\u00eda de las im\u00e1genes son de mam\u00edferos recorriendo sus vidas, a menudo por [&hellip;]<\/p>\n","protected":false},"author":2,"featured_media":0,"parent":0,"menu_order":0,"comment_status":"closed","ping_status":"closed","template":"","meta":{"_et_pb_use_builder":"on","_et_pb_old_content":"","_et_gb_content_width":"","footnotes":""},"class_list":["post-242180","page","type-page","status-publish","hentry"],"_links":{"self":[{"href":"https:\/\/learningamongtheoaks.org\/es\/wp-json\/wp\/v2\/pages\/242180","targetHints":{"allow":["GET"]}}],"collection":[{"href":"https:\/\/learningamongtheoaks.org\/es\/wp-json\/wp\/v2\/pages"}],"about":[{"href":"https:\/\/learningamongtheoaks.org\/es\/wp-json\/wp\/v2\/types\/page"}],"author":[{"embeddable":true,"href":"https:\/\/learningamongtheoaks.org\/es\/wp-json\/wp\/v2\/users\/2"}],"replies":[{"embeddable":true,"href":"https:\/\/learningamongtheoaks.org\/es\/wp-json\/wp\/v2\/comments?post=242180"}],"version-history":[{"count":2,"href":"https:\/\/learningamongtheoaks.org\/es\/wp-json\/wp\/v2\/pages\/242180\/revisions"}],"predecessor-version":[{"id":242182,"href":"https:\/\/learningamongtheoaks.org\/es\/wp-json\/wp\/v2\/pages\/242180\/revisions\/242182"}],"wp:attachment":[{"href":"https:\/\/learningamongtheoaks.org\/es\/wp-json\/wp\/v2\/media?parent=242180"}],"curies":[{"name":"wp","href":"https:\/\/api.w.org\/{rel}","templated":true}]}}