{"id":242177,"date":"2022-09-27T19:42:08","date_gmt":"2022-09-27T19:42:08","guid":{"rendered":"https:\/\/learningamongtheoaks.org\/el-personal\/"},"modified":"2025-12-16T22:53:40","modified_gmt":"2025-12-16T22:53:40","slug":"el-personal","status":"publish","type":"page","link":"https:\/\/learningamongtheoaks.org\/es\/el-personal\/","title":{"rendered":"El Personal"},"content":{"rendered":"<p>[et_pb_section fb_built=\u00bb1&#8243; _builder_version=\u00bb4.24.0&#8243; use_background_color_gradient=\u00bbon\u00bb background_color_gradient_stops=\u00bbrgba(0,0,0,0.07) 0%|rgba(0,0,0,0.11) 100%\u00bb background_color_gradient_start=\u00bbrgba(0,0,0,0.07)\u00bb background_color_gradient_end=\u00bbrgba(0,0,0,0.11)\u00bb background_image=\u00bbhttps:\/\/learningamongtheoaks.org\/wp-content\/uploads\/2024\/02\/IMG_2279-1-scaled.jpg\u00bb background_blend=\u00bbdarken\u00bb custom_margin=\u00bb0px||0px||false|false\u00bb custom_padding=\u00bb4px||4px||true|false\u00bb locked=\u00bboff\u00bb global_colors_info=\u00bb{}\u00bb][et_pb_row custom_padding_last_edited=\u00bbon|phone\u00bb _builder_version=\u00bb4.24.0&#8243; custom_margin=\u00bb||||false|false\u00bb custom_padding=\u00bb||67px||false|false\u00bb custom_padding_tablet=\u00bb\u00bb custom_padding_phone=\u00bb30px||||false|false\u00bb global_colors_info=\u00bb{}\u00bb][et_pb_column type=\u00bb4_4&#8243; _builder_version=\u00bb4.16&#8243; global_colors_info=\u00bb{}\u00bb][et_pb_text _builder_version=\u00bb4.24.0&#8243; text_font=\u00bbRecoleta||||||||\u00bb text_text_color=\u00bb#ffffff\u00bb text_font_size=\u00bb45px\u00bb header_font=\u00bbAlegreya Sans||||||||\u00bb header_text_color=\u00bb#FFFFFF\u00bb header_font_size=\u00bb60px\u00bb text_orientation=\u00bbcenter\u00bb custom_margin=\u00bb50px||||false|false\u00bb header_font_size_tablet=\u00bb\u00bb header_font_size_phone=\u00bb25px\u00bb header_font_size_last_edited=\u00bbon|phone\u00bb text_text_shadow_style=\u00bbpreset1&#8243; global_colors_info=\u00bb{}\u00bb]<\/p>\n<h1>Conozca al personal<\/h1>\n<p>[\/et_pb_text][\/et_pb_column][\/et_pb_row][\/et_pb_section][et_pb_section fb_built=\u00bb1&#8243; custom_padding_last_edited=\u00bbon|phone\u00bb _builder_version=\u00bb4.19.3&#8243; background_image=\u00bbhttps:\/\/learningamongtheoaks.org\/wp-content\/uploads\/2022\/09\/oak-leaves-background.jpg\u00bb parallax=\u00bbon\u00bb parallax_method=\u00bboff\u00bb custom_margin=\u00bb||0px||false|false\u00bb custom_padding_tablet=\u00bb\u00bb custom_padding_phone=\u00bb0px||||false|false\u00bb locked=\u00bboff\u00bb global_colors_info=\u00bb{}\u00bb][et_pb_row column_structure=\u00bb2_5,3_5&#8243; use_custom_gutter=\u00bbon\u00bb gutter_width=\u00bb3&#8243; _builder_version=\u00bb4.27.4&#8243; background_color=\u00bbRGBA(255,255,255,0)\u00bb min_height=\u00bb617px\u00bb custom_padding=\u00bb40px||0px|||\u00bb global_colors_info=\u00bb{}\u00bb][et_pb_column type=\u00bb2_5&#8243; _builder_version=\u00bb4.16&#8243; global_colors_info=\u00bb{}\u00bb][et_pb_image src=\u00bbhttps:\/\/learningamongtheoaks.org\/wp-content\/uploads\/2023\/10\/1.jpg\u00bb title_text=\u00bb1&#8243; align_tablet=\u00bb\u00bb align_phone=\u00bbleft\u00bb align_last_edited=\u00bbon|phone\u00bb _builder_version=\u00bb4.27.4&#8243; module_alignment=\u00bbcenter\u00bb custom_margin=\u00bb||||false|false\u00bb custom_margin_tablet=\u00bb\u00bb custom_margin_phone=\u00bb10px|||0px|false|false\u00bb custom_margin_last_edited=\u00bbon|phone\u00bb hover_enabled=\u00bb0&#8243; global_colors_info=\u00bb{}\u00bb custom_padding=\u00bb55px||||false|false\u00bb sticky_enabled=\u00bb0&#8243;][\/et_pb_image][\/et_pb_column][et_pb_column type=\u00bb3_5&#8243; _builder_version=\u00bb4.16&#8243; global_colors_info=\u00bb{}\u00bb][et_pb_text _builder_version=\u00bb4.17.4&#8243; header_2_font=\u00bbAlegreya Sans||||||||\u00bb custom_margin=\u00bb||-10px||false|false\u00bb header_3_font_size_tablet=\u00bb\u00bb header_3_font_size_phone=\u00bb18px\u00bb header_3_font_size_last_edited=\u00bbon|phone\u00bb inline_fonts=\u00bbBeth Ellen\u00bb global_colors_info=\u00bb{}\u00bb]<\/p>\n<h2>Zarah Wyly<\/h2>\n<p>[\/et_pb_text][et_pb_text _builder_version=\u00bb4.21.0&#8243; header_3_font=\u00bbAlegreya Sans||||||||\u00bb custom_margin=\u00bb||-10px||false|false\u00bb header_3_font_size_tablet=\u00bb\u00bb header_3_font_size_phone=\u00bb18px\u00bb header_3_font_size_last_edited=\u00bbon|phone\u00bb inline_fonts=\u00bbBeth Ellen,Cabin\u00bb global_colors_info=\u00bb{}\u00bb]<\/p>\n<h3><span style=\"font-family: Cabin; font-weight: normal;\">directora del programa mujer<\/span><\/h3>\n<p>[\/et_pb_text][et_pb_text _builder_version=\u00bb4.27.4&#8243; text_font=\u00bbLato||||||||\u00bb text_text_color=\u00bbgcid-a7242f12-7592-46a0-8469-756d22cd2c2c\u00bb text_font_size=\u00bb17px\u00bb custom_margin=\u00bb||6px|||\u00bb hover_enabled=\u00bb0&#8243; text_font_size_tablet=\u00bb\u00bb text_font_size_phone=\u00bb14px\u00bb text_font_size_last_edited=\u00bbon|phone\u00bb inline_fonts=\u00bbPoppins\u00bb global_colors_info=\u00bb{%22gcid-a7242f12-7592-46a0-8469-756d22cd2c2c%22:%91%22text_text_color%22%93}\u00bb sticky_enabled=\u00bb0&#8243;]<\/p>\n<p><span style=\"font-family: Poppins;\">Los bosques de robles son la comunidad ecol\u00f3gica favorita de Zarah, por lo que est\u00e1 naturalmente encantada de servir como Gerente de Programa de Aprendizaje entre los robles, el programa de educaci\u00f3n de la naturaleza y liderazgo ambiental juvenil de <a href=\"https:\/\/lcslo.org\/\">la Conservaci\u00f3n de la Tierra del Condado de San Luis Obispo. <\/a>Durante los \u00faltimos veinte a\u00f1os, Zarah ha desarrollado y administrado m\u00faltiples proyectos centrados en el roble, incluyendo un programa comunitario de cosecha de bellotas basado en la ciencia que sirve al valle del norte de Sacramento y un programa de propagaci\u00f3n de \u00e1rboles nativos que cultivan gen\u00e9ticamente \u00e1rboles nativos apropiados (principalmente robles) para proyectos de reforestaci\u00f3n. Zarah est\u00e1 entusiasmada de usar sus amplios conocimientos y habilidades en ecolog\u00eda de restauraci\u00f3n de roble, programaci\u00f3n de educaci\u00f3n juvenil y construcci\u00f3n de comunidades para hacer crecer los impactos positivos de LATO para nuestro mundo natural compartido y co-habitantes.  <\/span><\/p>\n<p><span style=\"font-family: Poppins;\">Phone: (805) 544- 9096 x114 Email: <\/span><span style=\"font-family: Poppins;\"><a href=\"mailto:zarahw@lcslo.org\">zarahw@lcslo.org<\/a><\/span><\/p>\n<p>[\/et_pb_text][\/et_pb_column][\/et_pb_row][et_pb_row column_structure=\u00bb2_5,3_5&#8243; use_custom_gutter=\u00bbon\u00bb gutter_width=\u00bb3&#8243; _builder_version=\u00bb4.24.0&#8243; background_color=\u00bbRGBA(255,255,255,0)\u00bb custom_margin=\u00bb|auto|17px|auto||\u00bb custom_padding=\u00bb1px||93px|||\u00bb global_colors_info=\u00bb{}\u00bb][et_pb_column type=\u00bb2_5&#8243; _builder_version=\u00bb4.16&#8243; global_colors_info=\u00bb{}\u00bb][et_pb_image src=\u00bbhttps:\/\/learningamongtheoaks.org\/wp-content\/uploads\/2022\/12\/VerticalAnna.jpg\u00bb title_text=\u00bbVerticalAnna\u00bb align_tablet=\u00bb\u00bb align_phone=\u00bbleft\u00bb align_last_edited=\u00bbon|phone\u00bb _builder_version=\u00bb4.24.0&#8243; module_alignment=\u00bbcenter\u00bb custom_margin_tablet=\u00bb\u00bb custom_margin_phone=\u00bb10px|||0px|false|false\u00bb custom_margin_last_edited=\u00bbon|phone\u00bb custom_padding=\u00bb11px||||false|false\u00bb global_colors_info=\u00bb{}\u00bb][\/et_pb_image][\/et_pb_column][et_pb_column type=\u00bb3_5&#8243; _builder_version=\u00bb4.16&#8243; global_colors_info=\u00bb{}\u00bb][et_pb_text _builder_version=\u00bb4.17.4&#8243; header_2_font=\u00bbAlegreya Sans||||||||\u00bb custom_margin=\u00bb||-10px||false|false\u00bb header_3_font_size_tablet=\u00bb\u00bb header_3_font_size_phone=\u00bb18px\u00bb header_3_font_size_last_edited=\u00bbon|phone\u00bb inline_fonts=\u00bbBeth Ellen\u00bb global_colors_info=\u00bb{}\u00bb]<\/p>\n<h2>Anna Barr<\/h2>\n<p>[\/et_pb_text][et_pb_text _builder_version=\u00bb4.17.4&#8243; header_3_font=\u00bbAlegreya Sans||||||||\u00bb custom_margin=\u00bb||-10px||false|false\u00bb header_3_font_size_tablet=\u00bb\u00bb header_3_font_size_phone=\u00bb18px\u00bb header_3_font_size_last_edited=\u00bbon|phone\u00bb inline_fonts=\u00bbBeth Ellen,Cabin\u00bb global_colors_info=\u00bb{}\u00bb]<\/p>\n<h3><span style=\"font-family: Cabin; font-weight: normal;\">Coordinadora de educaci\u00f3n<\/span><\/h3>\n<p>[\/et_pb_text][et_pb_text _builder_version=\u00bb4.19.3&#8243; text_font=\u00bbLato||||||||\u00bb text_text_color=\u00bbgcid-a7242f12-7592-46a0-8469-756d22cd2c2c\u00bb text_font_size=\u00bb17px\u00bb text_font_size_tablet=\u00bb\u00bb text_font_size_phone=\u00bb14px\u00bb text_font_size_last_edited=\u00bbon|phone\u00bb inline_fonts=\u00bbPoppins\u00bb global_colors_info=\u00bb{%22gcid-a7242f12-7592-46a0-8469-756d22cd2c2c%22:%91%22text_text_color%22%93}\u00bb]<\/p>\n<p><span style=\"font-family: Poppins;\">Anna creci\u00f3 en el sur de California, lleg\u00f3 hasta el norte de California, y ahora est\u00e1 emocionada de vivir en la costa central. Por primera vez experiment\u00f3 la belleza de la zona mientras estaba en <a href=\"https:\/\/www.ucsb.edu\/\">UC Santa B\u00e1rbara,<\/a> donde se especializ\u00f3 en antropolog\u00eda e ingl\u00e9s. Comenz\u00f3 su carrera como editora de peri\u00f3dicos. Despu\u00e9s de descubrir que los temas de la naturaleza eran lo que m\u00e1s le emocionaba, aterriz\u00f3 en <a href=\"https:\/\/calacademy.org\/\">la Academia de Ciencias de California<\/a> en San Francisco. Pas\u00f3 casi 15 a\u00f1os en el museo, principalmente en el naturalista Centro. Anna se fue para cursar un posgrado en ecolog\u00eda y bio-diversidad en la Universidad de Estocolmo. Fue aqu\u00ed donde desarroll\u00f3 una apreciaci\u00f3n por los robles, centr\u00e1ndose en ellos para su<a href=\"https:\/\/doi.org\/10.1016\/j.landurbplan.2021.104177\"> tesis de maestr\u00eda<\/a> y <a href=\"https:\/\/www.slu.se\/en\/departments\/ecology\/samverkan\/for-skolor\/the-oak-hidden-connections-in-a-changing-world\/\">un proyecto de divulgaci\u00f3n<\/a>. Adem\u00e1s de explorar el aire libre, le encanta viajar, despu\u00e9s de haber visitado casi 25 pa\u00edses, y probar todo tipo de comida nueva.       <\/span><\/p>\n<p><span style=\"font-family: Poppins;\">Email: <a href=\"mailto:annab@lcslo.org\">annab@lcslo.org<\/a><\/span><\/p>\n<p><span style=\"font-family: Poppins;\"><\/span><\/p>\n<p>[\/et_pb_text][\/et_pb_column][\/et_pb_row][et_pb_row column_structure=\u00bb2_5,3_5&#8243; use_custom_gutter=\u00bbon\u00bb gutter_width=\u00bb3&#8243; _builder_version=\u00bb4.27.4&#8243; background_color=\u00bbRGBA(255,255,255,0)\u00bb custom_margin=\u00bb|auto|0px|auto|false|false\u00bb custom_padding=\u00bb0px||0px||false|false\u00bb global_colors_info=\u00bb{}\u00bb][et_pb_column type=\u00bb2_5&#8243; _builder_version=\u00bb4.16&#8243; global_colors_info=\u00bb{}\u00bb][et_pb_image src=\u00bbhttps:\/\/learningamongtheoaks.org\/wp-content\/uploads\/2024\/10\/er-pic-1-scaled.jpg\u00bb title_text=\u00bber pic\u00bb show_bottom_space=\u00bboff\u00bb align=\u00bbcenter\u00bb _builder_version=\u00bb4.27.4&#8243; _module_preset=\u00bbdefault\u00bb custom_padding=\u00bb150px||||false|false\u00bb global_colors_info=\u00bb{}\u00bb][\/et_pb_image][\/et_pb_column][et_pb_column type=\u00bb3_5&#8243; _builder_version=\u00bb4.16&#8243; global_colors_info=\u00bb{}\u00bb][et_pb_text _builder_version=\u00bb4.17.4&#8243; header_2_font=\u00bbAlegreya Sans||||||||\u00bb custom_margin=\u00bb||-10px||false|false\u00bb header_3_font_size_tablet=\u00bb\u00bb header_3_font_size_phone=\u00bb18px\u00bb header_3_font_size_last_edited=\u00bbon|phone\u00bb inline_fonts=\u00bbBeth Ellen\u00bb global_colors_info=\u00bb{}\u00bb]<\/p>\n<h2>Emily Rose Friedman<\/h2>\n<p>[\/et_pb_text][et_pb_text _builder_version=\u00bb4.17.4&#8243; header_3_font=\u00bbAlegreya Sans||||||||\u00bb custom_margin=\u00bb||-10px||false|false\u00bb header_3_font_size_tablet=\u00bb\u00bb header_3_font_size_phone=\u00bb18px\u00bb header_3_font_size_last_edited=\u00bbon|phone\u00bb inline_fonts=\u00bbBeth Ellen,Cabin\u00bb global_colors_info=\u00bb{}\u00bb]<\/p>\n<h3><span style=\"font-family: Cabin; font-weight: normal;\">LATO Educador biling\u00fce<\/span><\/h3>\n<p>[\/et_pb_text][et_pb_text _builder_version=\u00bb4.19.3&#8243; text_font=\u00bbLato||||||||\u00bb text_text_color=\u00bbgcid-a7242f12-7592-46a0-8469-756d22cd2c2c\u00bb text_font_size=\u00bb17px\u00bb text_font_size_tablet=\u00bb\u00bb text_font_size_phone=\u00bb14px\u00bb text_font_size_last_edited=\u00bbon|phone\u00bb inline_fonts=\u00bbPoppins,ABeeZee,Advent Pro\u00bb global_colors_info=\u00bb{%22gcid-a7242f12-7592-46a0-8469-756d22cd2c2c%22:%91%22text_text_color%22%93}\u00bb]<\/p>\n<p><span style=\"font-family: inherit;\"><\/span><\/p>\n<p><strong><span style=\"font-family: inherit;\">Emily Rose Es un local de toda la vida de Los Osos y pas\u00f3 su infancia explorando los bosques de robles de Los Osos, haciendo fuertes naturales y kayak a trav\u00e9s de la bah\u00eda trasera. Emily Rose creci\u00f3 en un hogar ingl\u00e9s\/espa\u00f1ol y est\u00e1 emocionada de compartir sus habilidades en espa\u00f1ol con LATO. Emily Rose es graduada recientemente de la Universidad de California en Santa Cruz, donde estudi\u00f3 pol\u00edtica y agricultura sostenible. Trabaj\u00f3 en UCSC Farm y Chadwick Garden. Durante su tiempo en UCSC, codirigi\u00f3 una organizaci\u00f3n activista estudiantil llamada <a href=\"https:\/\/rightlivelihood.ucsc.edu\/\">Rightlivlihood College<\/a>,donde educ\u00f3 a sus compa\u00f1eros sobre la protesta no violenta. Al regresar a casa se encontr\u00f3 atra\u00edda por el mundo de la educaci\u00f3n al aire libre, ense\u00f1\u00f3 un campamento de verano de empoderamiento juvenil con San Luis Obispo City Farm. \u00a1Ahora ella est\u00e1 extasiada de ser parte de Land Conservancy y compartir su pasi\u00f3n y conocimiento sobre nuestros hermosos bosques de robles de la costa central con los ni\u00f1os locales!      <\/span><\/strong><\/p>\n<p><span style=\"font-family: ABeeZee; font-weight: normal;\">Emily Rose es una residente de toda la vida de Los Osos y pas\u00f3 su infancia explorando los bosques de robles de Los Osos, construyendo fuertes de naturaleza y haciendo kayak en la bah\u00eda trasera. Emily Rose creci\u00f3 en un hogar biling\u00fce en ingl\u00e9s y espa\u00f1ol y est\u00e1 emocionada de compartir sus habilidades en espa\u00f1ol con LATO. Es graduada reciente de UC Santa Cruz, donde estudi\u00f3 pol\u00edtica y agricultura sostenible. Trabaj\u00f3 en la Granja UCSC y en el Jard\u00edn Chadwick. Durante su tiempo en UCSC, co-lider\u00f3 una organizaci\u00f3n estudiantil activista llamada Rightlivlihood College, donde educ\u00f3 a sus compa\u00f1eros sobre protestas no violentas. Al regresar a casa, se sinti\u00f3 atra\u00edda por el mundo de la educaci\u00f3n al aire libre; ense\u00f1\u00f3 un campamento de empoderamiento juvenil con San Luis Obispo City Farm. \u00a1Ahora est\u00e1 emocionada de ser parte de la Conservaci\u00f3n de Tierras y de compartir su pasi\u00f3n y conocimiento sobre nuestros hermosos bosques de robles de la costa central con los ni\u00f1os locales!<\/span><\/p>\n<p><span style=\"font-family: Poppins;\"><\/span><\/p>\n<p><span style=\"font-family: Poppins;\">Email:<a href=\"emilyrosef@lcslo.org\"> emilyrosef@lcslo.org<\/a><\/span><\/p>\n<p><span style=\"font-family: Poppins;\"><\/span><\/p>\n<p>[\/et_pb_text][\/et_pb_column][\/et_pb_row][et_pb_row column_structure=\u00bb2_5,3_5&#8243; use_custom_gutter=\u00bbon\u00bb gutter_width=\u00bb3&#8243; _builder_version=\u00bb4.24.0&#8243; background_color=\u00bbRGBA(255,255,255,0)\u00bb min_height=\u00bb596px\u00bb custom_padding=\u00bb0px||26px|||\u00bb global_colors_info=\u00bb{}\u00bb][et_pb_column type=\u00bb2_5&#8243; _builder_version=\u00bb4.16&#8243; global_colors_info=\u00bb{}\u00bb][et_pb_image src=\u00bbhttps:\/\/learningamongtheoaks.org\/wp-content\/uploads\/2022\/12\/Jen.jpg\u00bb title_text=\u00bbJen\u00bb align_tablet=\u00bb\u00bb align_phone=\u00bbleft\u00bb align_last_edited=\u00bbon|phone\u00bb _builder_version=\u00bb4.24.0&#8243; module_alignment=\u00bbcenter\u00bb custom_margin=\u00bb12px||||false|false\u00bb custom_margin_tablet=\u00bb\u00bb custom_margin_phone=\u00bb10px|||0px|false|false\u00bb custom_margin_last_edited=\u00bbon|phone\u00bb global_colors_info=\u00bb{}\u00bb][\/et_pb_image][\/et_pb_column][et_pb_column type=\u00bb3_5&#8243; _builder_version=\u00bb4.16&#8243; global_colors_info=\u00bb{}\u00bb][et_pb_text _builder_version=\u00bb4.17.4&#8243; header_2_font=\u00bbAlegreya Sans||||||||\u00bb custom_margin=\u00bb||-10px||false|false\u00bb header_3_font_size_tablet=\u00bb\u00bb header_3_font_size_phone=\u00bb18px\u00bb header_3_font_size_last_edited=\u00bbon|phone\u00bb inline_fonts=\u00bbBeth Ellen\u00bb global_colors_info=\u00bb{}\u00bb]<\/p>\n<h2>Jen Lannon<\/h2>\n<p>[\/et_pb_text][et_pb_text _builder_version=\u00bb4.21.0&#8243; header_3_font=\u00bbAlegreya Sans||||||||\u00bb custom_margin=\u00bb||-10px||false|false\u00bb header_3_font_size_tablet=\u00bb\u00bb header_3_font_size_phone=\u00bb18px\u00bb header_3_font_size_last_edited=\u00bbon|phone\u00bb inline_fonts=\u00bbBeth Ellen,Cabin\u00bb global_colors_info=\u00bb{}\u00bb]<\/p>\n<h3><span style=\"font-family: Cabin; font-weight: normal;\">coordinador del programa<\/span><\/h3>\n<p>[\/et_pb_text][et_pb_text _builder_version=\u00bb4.19.3&#8243; text_font=\u00bbLato||||||||\u00bb text_text_color=\u00bbgcid-a7242f12-7592-46a0-8469-756d22cd2c2c\u00bb text_font_size=\u00bb17px\u00bb text_font_size_tablet=\u00bb\u00bb text_font_size_phone=\u00bb14px\u00bb text_font_size_last_edited=\u00bbon|phone\u00bb inline_fonts=\u00bbPoppins\u00bb global_colors_info=\u00bb{%22gcid-a7242f12-7592-46a0-8469-756d22cd2c2c%22:%91%22text_text_color%22%93}\u00bb]<\/p>\n<p><span style=\"font-family: Poppins;\">Nacida en el Medio Oeste, Jen creci\u00f3 mud\u00e1ndose de estado en estado, hasta que finalmente se estableci\u00f3 en el norte de California siendo preadolescente. Tras un fin de semana visitando a su hermano mayor en <a href=\"https:\/\/www.calpoly.edu\/\">Cal Poly<\/a>, se enamor\u00f3 de la zona y de sus aparentemente infinitas oportunidades para aventuras al aire libre. Se inspir\u00f3 tambi\u00e9n para estudiar en Cal Poly, y su t\u00edtulo en empresariales la llev\u00f3 al sur de California y m\u00e1s all\u00e1. Por casualidad, ella y su marido regresaron a la Costa Central, estableci\u00e9ndose en el pintoresco pueblo de Santa Margarita para criar a sus hijas. A trav\u00e9s de eventos comunitarios y excursiones escolares, Jen conoci\u00f3 LATO. Le hablaba al alma, y se convirti\u00f3 con entusiasmo en voluntaria y directora de naturaleza. Ambas hijas compart\u00edan el mismo sentimiento y se convirtieron orgullosas en Embajadoras de Roble para la <a href=\"https:\/\/learningamongtheoaks.org\/santa-margarita-elementary-school\/\">Escuela Primaria Santa Margarita.<\/a> Cinco a\u00f1os despu\u00e9s, se incorpor\u00f3 a LATO como equipo para dar a conocer este programa incre\u00edble y \u00fanico. <\/span><\/p>\n<p><span style=\"font-family: Poppins;\">Email: <a href=\"mailto:jenniferl@lcslo.org\">jenniferl@lcslo.org<\/a><br \/><\/span><\/p>\n<p><span style=\"font-family: Poppins;\"><\/span><\/p>\n<p>[\/et_pb_text][\/et_pb_column][\/et_pb_row][et_pb_row _builder_version=\u00bb4.24.0&#8243; background_color=\u00bbRGBA(255,255,255,0)\u00bb background_image=\u00bbhttps:\/\/learningamongtheoaks.org\/wp-content\/uploads\/2020\/07\/The-Land-conservacy.jpg\u00bb background_size=\u00bbcontain\u00bb background_blend=\u00bboverlay\u00bb global_colors_info=\u00bb{}\u00bb][et_pb_column type=\u00bb4_4&#8243; _builder_version=\u00bb4.16&#8243; global_colors_info=\u00bb{}\u00bb][et_pb_button button_url=\u00bbhttps:\/\/lcslo.org\/our-staff\/\u00bb button_text=\u00bbMeet more of The Land Conservancy Staff\u00bb button_alignment=\u00bbcenter\u00bb _builder_version=\u00bb4.21.0&#8243; custom_button=\u00bbon\u00bb button_text_color=\u00bb#FFFFFF\u00bb button_bg_color=\u00bbgcid-0c6e787f-14da-4be0-bb81-9886d5e72d41&#8243; custom_margin=\u00bb0px||35px||false|false\u00bb button_text_size_tablet=\u00bb\u00bb button_text_size_phone=\u00bb14px\u00bb button_text_size_last_edited=\u00bbon|phone\u00bb button_border_width_tablet=\u00bb\u00bb button_border_width_phone=\u00bb1px\u00bb button_border_width_last_edited=\u00bbon|phone\u00bb global_colors_info=\u00bb{%22gcid-0c6e787f-14da-4be0-bb81-9886d5e72d41%22:%91%22button_bg_color%22%93}\u00bb][\/et_pb_button][\/et_pb_column][\/et_pb_row][\/et_pb_section]<\/p>\n","protected":false},"excerpt":{"rendered":"<p>Conozca al personalZarah Wylydirectora del programa mujerLos bosques de robles son la comunidad ecol\u00f3gica favorita de Zarah, por lo que est\u00e1 naturalmente encantada de servir como Gerente de Programa de Aprendizaje entre los robles, el programa de educaci\u00f3n de la naturaleza y liderazgo ambiental juvenil de la Conservaci\u00f3n de la Tierra del Condado de San [&hellip;]<\/p>\n","protected":false},"author":13,"featured_media":0,"parent":0,"menu_order":0,"comment_status":"closed","ping_status":"closed","template":"","meta":{"_et_pb_use_builder":"on","_et_pb_old_content":"","_et_gb_content_width":"","footnotes":""},"class_list":["post-242177","page","type-page","status-publish","hentry"],"_links":{"self":[{"href":"https:\/\/learningamongtheoaks.org\/es\/wp-json\/wp\/v2\/pages\/242177","targetHints":{"allow":["GET"]}}],"collection":[{"href":"https:\/\/learningamongtheoaks.org\/es\/wp-json\/wp\/v2\/pages"}],"about":[{"href":"https:\/\/learningamongtheoaks.org\/es\/wp-json\/wp\/v2\/types\/page"}],"author":[{"embeddable":true,"href":"https:\/\/learningamongtheoaks.org\/es\/wp-json\/wp\/v2\/users\/13"}],"replies":[{"embeddable":true,"href":"https:\/\/learningamongtheoaks.org\/es\/wp-json\/wp\/v2\/comments?post=242177"}],"version-history":[{"count":2,"href":"https:\/\/learningamongtheoaks.org\/es\/wp-json\/wp\/v2\/pages\/242177\/revisions"}],"predecessor-version":[{"id":242179,"href":"https:\/\/learningamongtheoaks.org\/es\/wp-json\/wp\/v2\/pages\/242177\/revisions\/242179"}],"wp:attachment":[{"href":"https:\/\/learningamongtheoaks.org\/es\/wp-json\/wp\/v2\/media?parent=242177"}],"curies":[{"name":"wp","href":"https:\/\/api.w.org\/{rel}","templated":true}]}}