{"id":242173,"date":"2023-03-10T19:58:22","date_gmt":"2023-03-10T19:58:22","guid":{"rendered":"https:\/\/learningamongtheoaks.org\/sea-voluntario-entre-los-robles\/"},"modified":"2025-12-16T22:20:30","modified_gmt":"2025-12-16T22:20:30","slug":"sea-voluntario-entre-los-robles","status":"publish","type":"page","link":"https:\/\/learningamongtheoaks.org\/es\/sea-voluntario-entre-los-robles\/","title":{"rendered":"Sea voluntario entre los robles"},"content":{"rendered":"<p>[et_pb_section fb_built=\u00bb1&#8243; _builder_version=\u00bb4.22.2&#8243; _module_preset=\u00bbdefault\u00bb background_color=\u00bbgcid-51eaea78-813f-4272-b8b7-c3e452251e13&#8243; background_enable_image=\u00bboff\u00bb custom_padding=\u00bb0px||0px||true|false\u00bb global_colors_info=\u00bb{%22gcid-51eaea78-813f-4272-b8b7-c3e452251e13%22:%91%22background_color%22%93}\u00bb][et_pb_row use_custom_gutter=\u00bbon\u00bb gutter_width=\u00bb1&#8243; _builder_version=\u00bb4.22.2&#8243; _module_preset=\u00bbdefault\u00bb background_color=\u00bbgcid-2a550e3b-8397-4f47-a24b-806ac5971d40&#8243; use_background_color_gradient=\u00bbon\u00bb background_color_gradient_stops=\u00bbrgba(66,76,54,0.38) 0%|rgba(66,76,54,0.38) 100%\u00bb background_color_gradient_overlays_image=\u00bbon\u00bb background_image=\u00bbhttps:\/\/learningamongtheoaks.org\/wp-content\/uploads\/2023\/11\/IMG_0880.jpg\u00bb width=\u00bb100%\u00bb max_width=\u00bb2560px\u00bb custom_margin=\u00bb|auto|-49px|auto||\u00bb custom_padding=\u00bb279px|||||\u00bb global_colors_info=\u00bb{%22gcid-2a550e3b-8397-4f47-a24b-806ac5971d40%22:%91%22background_color%22%93}\u00bb][et_pb_column type=\u00bb4_4&#8243; _builder_version=\u00bb4.22.2&#8243; _module_preset=\u00bbdefault\u00bb global_colors_info=\u00bb{}\u00bb][et_pb_text _builder_version=\u00bb4.22.2&#8243; _module_preset=\u00bbdefault\u00bb text_font=\u00bbLato|||on|||||\u00bb text_text_color=\u00bb#FFFFFF\u00bb text_font_size=\u00bb22px\u00bb text_letter_spacing=\u00bb1px\u00bb text_line_height=\u00bb1.5em\u00bb header_font=\u00bbAlegreya Sans||||||||\u00bb header_text_align=\u00bbleft\u00bb header_text_color=\u00bbgcid-0c6e787f-14da-4be0-bb81-9886d5e72d41&#8243; header_font_size=\u00bb92px\u00bb header_line_height=\u00bb0.9em\u00bb custom_padding=\u00bb||4px|25px|false|false\u00bb text_font_size_tablet=\u00bb23px\u00bb text_font_size_phone=\u00bb20px\u00bb text_font_size_last_edited=\u00bbon|phone\u00bb text_line_height_tablet=\u00bb1.3em\u00bb text_line_height_phone=\u00bb1.3em\u00bb text_line_height_last_edited=\u00bbon|tablet\u00bb header_font_size_tablet=\u00bb58px\u00bb header_font_size_phone=\u00bb53px\u00bb header_font_size_last_edited=\u00bbon|phone\u00bb header_line_height_tablet=\u00bb\u00bb header_line_height_phone=\u00bb0.8em\u00bb header_line_height_last_edited=\u00bbon|desktop\u00bb global_colors_info=\u00bb{%22gcid-0c6e787f-14da-4be0-bb81-9886d5e72d41%22:%91%22header_text_color%22%93}\u00bb]<\/p>\n<p>Hacer un diferencia para j\u00f3venes locales<\/p>\n<p>[\/et_pb_text][et_pb_text _builder_version=\u00bb4.22.2&#8243; _module_preset=\u00bbdefault\u00bb text_font=\u00bbLato||||||||\u00bb text_text_color=\u00bb#FFFFFF\u00bb text_letter_spacing=\u00bb1px\u00bb text_line_height=\u00bb1.5em\u00bb header_font=\u00bbAlegreya Sans||||||||\u00bb header_text_align=\u00bbleft\u00bb header_text_color=\u00bb#FFFFFF\u00bb header_font_size=\u00bb70px\u00bb header_line_height=\u00bb0.9em\u00bb width=\u00bb78.8%\u00bb custom_padding=\u00bb|686px|30px|25px|false|false\u00bb text_font_size_tablet=\u00bb23px\u00bb text_font_size_phone=\u00bb20px\u00bb text_font_size_last_edited=\u00bbon|phone\u00bb text_line_height_tablet=\u00bb1.3em\u00bb text_line_height_phone=\u00bb1.3em\u00bb text_line_height_last_edited=\u00bbon|tablet\u00bb header_font_size_tablet=\u00bb58px\u00bb header_font_size_phone=\u00bb53px\u00bb header_font_size_last_edited=\u00bbon|phone\u00bb header_line_height_tablet=\u00bb\u00bb header_line_height_phone=\u00bb0.8em\u00bb header_line_height_last_edited=\u00bbon|desktop\u00bb header_text_shadow_style=\u00bbpreset2&#8243; global_colors_info=\u00bb{}\u00bb]<\/p>\n<h1 style=\"margin-top: 10px;\">Sea voluntario entre los robles<\/h1>\n<p>Desde el principio de Aprendiendo entre los Robles en 2005, voluntarios son un parte muy importante en este programa. Un fuerte entramando de voluntarios, algunos con m\u00e1s de un d\u00e9cada de enredo, seguir creciendo el programa. <\/p>\n<p>[\/et_pb_text][\/et_pb_column][\/et_pb_row][\/et_pb_section][et_pb_section fb_built=\u00bb1&#8243; fullwidth=\u00bbon\u00bb _builder_version=\u00bb4.22.2&#8243; _module_preset=\u00bbdefault\u00bb min_height=\u00bb55px\u00bb custom_padding=\u00bb||1px|||\u00bb global_colors_info=\u00bb{}\u00bb][et_pb_fullwidth_header title=\u00bbpuestos de voluntariado\u00bb _builder_version=\u00bb4.22.2&#8243; _module_preset=\u00bbdefault\u00bb title_font=\u00bbAlegreya Sans||||||||\u00bb title_text_align=\u00bbcenter\u00bb title_text_color=\u00bb#FFFFFF\u00bb background_color=\u00bbgcid-51eaea78-813f-4272-b8b7-c3e452251e13&#8243; min_height=\u00bb100px\u00bb height=\u00bb100px\u00bb custom_padding=\u00bb14px||0px||false|false\u00bb title_text_shadow_style=\u00bbpreset2&#8243; global_colors_info=\u00bb{%22gcid-51eaea78-813f-4272-b8b7-c3e452251e13%22:%91%22background_color%22%93}\u00bb][\/et_pb_fullwidth_header][\/et_pb_section][et_pb_section fb_built=\u00bb1&#8243; _builder_version=\u00bb4.22.2&#8243; _module_preset=\u00bbdefault\u00bb background_color=\u00bb#FFFFFF\u00bb use_background_color_gradient=\u00bbon\u00bb background_color_gradient_stops=\u00bbrgba(255,255,255,0.95) 0%|rgba(255,255,255,0.95) 100%\u00bb background_color_gradient_overlays_image=\u00bbon\u00bb background_image=\u00bbhttps:\/\/learningamongtheoaks.org\/wp-content\/uploads\/2021\/02\/oak-leaves-background.jpg\u00bb parallax=\u00bbon\u00bb parallax_method=\u00bboff\u00bb background_enable_pattern_style=\u00bbon\u00bb background_pattern_color=\u00bbRGBA(255,255,255,0)\u00bb min_height=\u00bb605.8px\u00bb custom_padding=\u00bb0%||0%||true|false\u00bb global_colors_info=\u00bb{}\u00bb][et_pb_row use_custom_gutter=\u00bbon\u00bb _builder_version=\u00bb4.22.2&#8243; _module_preset=\u00bbdefault\u00bb width=\u00bb65%\u00bb width_tablet=\u00bb87%\u00bb width_phone=\u00bb90%\u00bb width_last_edited=\u00bbon|phone\u00bb max_width=\u00bb1543px\u00bb custom_padding=\u00bb0px||45px||false|false\u00bb global_colors_info=\u00bb{}\u00bb][et_pb_column type=\u00bb4_4&#8243; _builder_version=\u00bb4.17.4&#8243; _module_preset=\u00bbdefault\u00bb global_colors_info=\u00bb{}\u00bb][et_pb_accordion module_class=\u00bbmy_accordion\u00bb _builder_version=\u00bb4.27.4&#8243; _module_preset=\u00bbdefault\u00bb background_color=\u00bbRGBA(255,255,255,0)\u00bb min_height=\u00bb549.8px\u00bb custom_margin=\u00bb5px||||false|false\u00bb custom_padding=\u00bb0px||||false|false\u00bb hover_enabled=\u00bb0&#8243; global_colors_info=\u00bb{}\u00bb sticky_enabled=\u00bb0&#8243;][et_pb_accordion_item title=\u00bbVoluntario en Senderismo Educativo\u00bb open=\u00bboff\u00bb closed_toggle_text_color=\u00bbgcid-a7242f12-7592-46a0-8469-756d22cd2c2c\u00bb icon_color=\u00bbgcid-51eaea78-813f-4272-b8b7-c3e452251e13&#8243; toggle_icon=\u00bb&#x4c;||divi||400&#8243; _builder_version=\u00bb4.27.4&#8243; _module_preset=\u00bbdefault\u00bb body_font=\u00bbLato||||||||\u00bb body_font_size=\u00bb19px\u00bb body_line_height=\u00bb1.6em\u00bb background_color=\u00bbRGBA(255,255,255,0)\u00bb background_enable_color=\u00bbon\u00bb hover_enabled=\u00bb0&#8243; border_width_all=\u00bb0px\u00bb border_width_top=\u00bb1px\u00bb border_color_top=\u00bbgcid-a7242f12-7592-46a0-8469-756d22cd2c2c\u00bb global_colors_info=\u00bb{%22gcid-a7242f12-7592-46a0-8469-756d22cd2c2c%22:%91%22border_color_top%22,%22closed_toggle_text_color%22%93,%22gcid-51eaea78-813f-4272-b8b7-c3e452251e13%22:%91%22icon_color%22%93}\u00bb toggle_level=\u00bbh4&#8243; toggle_font=\u00bbAlegreya Sans||||||||\u00bb toggle_font_size=\u00bb25px\u00bb sticky_enabled=\u00bb0&#8243;]<\/p>\n<p><span data-contrast=\"auto\"><strong>Que<\/strong>: Apoya las excursiones educativas con nuestro programa Aprendiendo Entre los Robles. Ayudar a los l\u00edderes de senderismo de Oak Ambassador a j\u00f3venes y apoyar desde K hasta 6 <\/span><span>th<\/span><span data-contrast=\"auto\"> Lleva suministros y asegura la seguridad de los asistentes. Comparte tus conocimientos sobre plantas, animales, geolog\u00eda local, etc   <\/span><span data-ccp-props=\"{\"201341983\":0,\"335559739\":160,\"335559740\":259}\"> <\/span><\/p>\n<p><span data-contrast=\"auto\"><strong>Cu\u00e1ndo<\/strong>: Las rutas de senderismo duran entre 1 y 3 horas, generalmente durante la jornada escolar. Ocasionalmente hay oportunidades para hacer senderismo los fines de semana y por la tarde\/noche. <\/span><span data-ccp-props=\"{\"201341983\":0,\"335559739\":160,\"335559740\":259}\"> <\/span><\/p>\n<p><span data-contrast=\"auto\"><strong>Donde<\/strong>: Los lugares habituales para hacer senderismo incluyen Templeton, Santa Margarita, Pismo Preserve y Nipomo. Ocasionales oportunidades de senderismo en las reservas LCSLO y otros bosques de robles <\/span><span data-contrast=\"none\">\u2013<\/span><span data-contrast=\"auto\">dominated natural spaces throughout the county.<\/span><span data-ccp-props=\"{\"201341983\":0,\"335559739\":160,\"335559740\":259}\"> <\/span><\/p>\n<p><span data-contrast=\"auto\">Requisitos previos: Formaci\u00f3n de l\u00edder de la ruta y verificaci\u00f3n de antecedentes. Para el m\u00e1ximo nivel de responsabilidad voluntaria, tambi\u00e9n se requiere formaci\u00f3n en huellas dactilares y RCP\/primeros auxilios. <\/span><span data-ccp-props=\"{\"201341983\":0,\"335559739\":160,\"335559740\":259}\"> <\/span><\/p>\n<p>[\/et_pb_accordion_item][et_pb_accordion_item title=\u00bbSewing Volunteer &#8211; Full\u00bb closed_toggle_text_color=\u00bbgcid-a7242f12-7592-46a0-8469-756d22cd2c2c\u00bb icon_color=\u00bbgcid-51eaea78-813f-4272-b8b7-c3e452251e13&#8243; toggle_icon=\u00bb&#x4c;||divi||400&#8243; _builder_version=\u00bb4.27.4&#8243; _module_preset=\u00bbdefault\u00bb body_font=\u00bbLato||||||||\u00bb body_font_size=\u00bb19px\u00bb body_line_height=\u00bb1.6em\u00bb background_color=\u00bbRGBA(255,255,255,0)\u00bb background_enable_color=\u00bbon\u00bb hover_enabled=\u00bb0&#8243; border_width_all=\u00bb0px\u00bb border_width_top=\u00bb1px\u00bb border_color_top=\u00bbgcid-a7242f12-7592-46a0-8469-756d22cd2c2c\u00bb global_colors_info=\u00bb{%22gcid-a7242f12-7592-46a0-8469-756d22cd2c2c%22:%91%22border_color_top%22,%22closed_toggle_text_color%22%93,%22gcid-51eaea78-813f-4272-b8b7-c3e452251e13%22:%91%22icon_color%22%93}\u00bb toggle_level=\u00bbh4&#8243; toggle_font=\u00bbAlegreya Sans||||||||\u00bb toggle_font_size=\u00bb25px\u00bb open=\u00bboff\u00bb sticky_enabled=\u00bb0&#8243;]<\/p>\n<p><span data-contrast=\"auto\"><strong>Que<\/strong>: Apoye el programa educativo Aprendiendo Entre los Robles cosiendo materiales para el aula, chalecos para j\u00f3venes para embajadores de Roble y otros materiales. Estos art\u00edculos hechos a mano hacen que nuestro programa sea tan especial. Se proporcionar\u00e1n materiales.  <\/span><span data-ccp-props=\"{\"201341983\":0,\"335559739\":160,\"335559740\":259}\"> <\/span><\/p>\n<p><span data-contrast=\"auto\"><strong>Cu\u00e1ndo<\/strong>: Proc\u00e9ctate seg\u00fan tu propio horario.<\/span><span data-ccp-props=\"{\"201341983\":0,\"335559739\":160,\"335559740\":259}\"> <\/span><\/p>\n<p><span data-contrast=\"auto\"><strong>Where<\/strong>: Wherever you like to sew.<\/span><span data-ccp-props=\"{\"201341983\":0,\"335559739\":160,\"335559740\":259}\"> <\/span><\/p>\n<p>[\/et_pb_accordion_item][et_pb_accordion_item title=\u00bbJardiner\u00eda de h\u00e1bitat\u00bb closed_toggle_text_color=\u00bbgcid-a7242f12-7592-46a0-8469-756d22cd2c2c\u00bb icon_color=\u00bbgcid-51eaea78-813f-4272-b8b7-c3e452251e13&#8243; toggle_icon=\u00bb&#x4c;||divi||400&#8243; _builder_version=\u00bb4.27.4&#8243; _module_preset=\u00bbdefault\u00bb body_font=\u00bbLato||||||||\u00bb body_font_size=\u00bb19px\u00bb body_line_height=\u00bb1.6em\u00bb background_color=\u00bbRGBA(255,255,255,0)\u00bb background_enable_color=\u00bbon\u00bb hover_enabled=\u00bb0&#8243; border_width_all=\u00bb0px\u00bb border_width_top=\u00bb1px\u00bb border_color_top=\u00bbgcid-a7242f12-7592-46a0-8469-756d22cd2c2c\u00bb global_colors_info=\u00bb{%22gcid-a7242f12-7592-46a0-8469-756d22cd2c2c%22:%91%22border_color_top%22,%22closed_toggle_text_color%22,%22border_color_top%22%93}\u00bb toggle_level=\u00bbh4&#8243; toggle_font=\u00bbAlegreya Sans||||||||\u00bb toggle_font_size=\u00bb25px\u00bb open=\u00bbon\u00bb sticky_enabled=\u00bb0&#8243;]<\/p>\n<p><span data-contrast=\"auto\"><strong>Que: <\/strong>Cuida los jardines Gateway to Nature en Santa Margarita. Gestiona las malas hierbas, planta plantas aut\u00f3ctonas, riega seg\u00fan sea necesario y realiza mantenimiento general del jard\u00edn y senderos durante todo el a\u00f1o.  <\/span><\/p>\n<p><span data-contrast=\"auto\"><strong>Cu\u00e1ndo:<\/strong> Proc\u00e9ctate seg\u00fan tu propio horario. o en un horario de trabajo grupal regular; Semanal, quincenal, mensual.<\/span><span data-ccp-props=\"{\"201341983\":0,\"335559739\":160,\"335559740\":259}\"> <\/span><\/p>\n<p><span data-contrast=\"auto\"><strong>D\u00f3nde<\/strong>: Calle H &#8211; Autopista 58 en Santa Margarita, oportunidades ocasionales en otros lugares.<\/span><span data-ccp-props=\"{\"201341983\":0,\"335559739\":160,\"335559740\":259}\"> <\/span><\/p>\n<p><span data-contrast=\"auto\"><strong>Requisitos previos:<\/strong> Orientaci\u00f3n en jardiner\u00eda con el gestor de proyectos. \u00a1Se recomienda el amor por las plantas aut\u00f3ctonas y la experiencia en jardiner\u00eda de h\u00e1bitat! <\/span><span data-ccp-props=\"{\"201341983\":0,\"335559739\":160,\"335559740\":259}\"> <\/span><\/p>\n<p>[\/et_pb_accordion_item][et_pb_accordion_item title=\u00bbMonitor de caja de p\u00e1jaros anidantes &#8211; abierto para primavera de 2025&#8243; closed_toggle_text_color=\u00bbgcid-a7242f12-7592-46a0-8469-756d22cd2c2c\u00bb icon_color=\u00bbgcid-51eaea78-813f-4272-b8b7-c3e452251e13&#8243; toggle_icon=\u00bb&#x4c;||divi||400&#8243; _builder_version=\u00bb4.27.4&#8243; _module_preset=\u00bbdefault\u00bb body_font=\u00bbLato||||||||\u00bb body_font_size=\u00bb19px\u00bb body_line_height=\u00bb1.6em\u00bb background_color=\u00bbRGBA(255,255,255,0)\u00bb background_enable_color=\u00bbon\u00bb hover_enabled=\u00bb0&#8243; border_width_all=\u00bb0px\u00bb border_width_top=\u00bb1px\u00bb border_color_top=\u00bbgcid-a7242f12-7592-46a0-8469-756d22cd2c2c\u00bb global_colors_info=\u00bb{%22gcid-a7242f12-7592-46a0-8469-756d22cd2c2c%22:%91%22border_color_top%22,%22closed_toggle_text_color%22,%22border_color_top%22%93}\u00bb toggle_level=\u00bbh4&#8243; toggle_font=\u00bbAlegreya Sans||||||||\u00bb toggle_font_size=\u00bb25px\u00bb open=\u00bboff\u00bb sticky_enabled=\u00bb0&#8243;]<\/p>\n<p><span data-contrast=\"auto\"><strong>What<\/strong>: Check bird boxes on a regular schedule to document use and chick success rates. Data collected is shared with statewide community science project collaborators. <\/span><span data-ccp-props=\"{\"201341983\":0,\"335559739\":160,\"335559740\":259}\"> <\/span><\/p>\n<p><span data-contrast=\"auto\">Cu\u00e1ndo: Ap\u00fantate a los turnos de supervisi\u00f3n durante la formaci\u00f3n anual. Monitorizaci\u00f3n semanal de marzo a agosto con mantenimiento de las cajas nido en noviembre y diciembre.  <\/span><span data-ccp-props=\"{\"201341983\":0,\"335559739\":160,\"335559740\":259}\"> <\/span><\/p>\n<p><span data-contrast=\"auto\">D\u00f3nde: San Luis Obispo Creek Properties, Santa Margarita, Octagon Barn Center<\/span><span data-ccp-props=\"{\"201341983\":0,\"335559739\":160,\"335559740\":259}\"> <\/span><\/p>\n<p>[\/et_pb_accordion_item][et_pb_accordion_item title=\u00bbProyecto de C\u00e1maras de Vida Silvestre &#8211; Abierto para primavera de 2025&#8243; closed_toggle_text_color=\u00bbgcid-a7242f12-7592-46a0-8469-756d22cd2c2c\u00bb icon_color=\u00bbgcid-51eaea78-813f-4272-b8b7-c3e452251e13&#8243; toggle_icon=\u00bb&#x4c;||divi||400&#8243; _builder_version=\u00bb4.27.4&#8243; _module_preset=\u00bbdefault\u00bb body_font=\u00bbLato||||||||\u00bb body_font_size=\u00bb19px\u00bb body_line_height=\u00bb1.6em\u00bb background_color=\u00bbRGBA(255,255,255,0)\u00bb background_enable_color=\u00bbon\u00bb hover_enabled=\u00bb0&#8243; border_width_all=\u00bb0px\u00bb border_width_top=\u00bb1px\u00bb border_color_top=\u00bbgcid-a7242f12-7592-46a0-8469-756d22cd2c2c\u00bb global_colors_info=\u00bb{%22gcid-a7242f12-7592-46a0-8469-756d22cd2c2c%22:%91%22border_color_top%22,%22closed_toggle_text_color%22,%22border_color_top%22%93}\u00bb toggle_level=\u00bbh4&#8243; toggle_font=\u00bbAlegreya Sans||||||||\u00bb toggle_font_size=\u00bb25px\u00bb open=\u00bboff\u00bb sticky_enabled=\u00bb0&#8243;]<\/p>\n<p><span data-contrast=\"auto\"><strong>What<\/strong>: Hike to and service wildlife cameras. Download images, change batteries, and update time, date, and type of images being captured. Manage upload of data and images after each camera visit. Assist with data analysis.   <\/span><span data-ccp-props=\"{\"201341983\":0,\"335559739\":160,\"335559740\":259}\"> <\/span><\/p>\n<p><span data-contrast=\"auto\">Cu\u00e1ndo: Ap\u00fantate a los turnos durante la formaci\u00f3n anual. El monitoreo regular se realiza durante todo el a\u00f1o y depende del tiempo y del acceso. <\/span><span data-ccp-props=\"{\"201341983\":0,\"335559739\":160,\"335559740\":259}\"> <\/span><\/p>\n<p><span data-contrast=\"auto\">D\u00f3nde: Santa Rita Ranch, Santa Margarita Ranch y la Reserva Pismo. Gesti\u00f3n de datos desde tu casa u oficina.  <\/span><span data-ccp-props=\"{\"201341983\":0,\"335559739\":160,\"335559740\":259}\"> <\/span><\/p>\n<p>[\/et_pb_accordion_item][\/et_pb_accordion][\/et_pb_column][\/et_pb_row][\/et_pb_section][et_pb_section fb_built=\u00bb1&#8243; _builder_version=\u00bb4.22.2&#8243; _module_preset=\u00bbdefault\u00bb background_color=\u00bbgcid-0c6e787f-14da-4be0-bb81-9886d5e72d41&#8243; global_colors_info=\u00bb{%22gcid-0c6e787f-14da-4be0-bb81-9886d5e72d41%22:%91%22background_color%22%93}\u00bb][et_pb_row use_custom_gutter=\u00bbon\u00bb gutter_width=\u00bb1&#8243; _builder_version=\u00bb4.24.0&#8243; _module_preset=\u00bbdefault\u00bb background_color=\u00bbgcid-ffa6660f-0ff0-4e1f-89aa-92f8c10c95ce\u00bb width=\u00bb100%\u00bb max_width=\u00bb2560px\u00bb module_alignment=\u00bbcenter\u00bb min_height=\u00bb153px\u00bb custom_padding=\u00bb51px|111px||||\u00bb global_colors_info=\u00bb{%22gcid-ffa6660f-0ff0-4e1f-89aa-92f8c10c95ce%22:%91%22background_color%22%93}\u00bb][et_pb_column type=\u00bb4_4&#8243; _builder_version=\u00bb4.22.2&#8243; _module_preset=\u00bbdefault\u00bb global_colors_info=\u00bb{}\u00bb][et_pb_button button_url=\u00bbhttps:\/\/www.the-land-conservancy.h4i-cp.org\/login\u00bb url_new_window=\u00bbon\u00bb button_text=\u00bb\u00a1Sigue aqu\u00ed tus horas de voluntariado!\u00bb button_alignment=\u00bbcenter\u00bb _builder_version=\u00bb4.24.0&#8243; _module_preset=\u00bbdefault\u00bb custom_button=\u00bbon\u00bb button_text_color=\u00bb#FFFFFF\u00bb button_bg_color=\u00bbgcid-a7242f12-7592-46a0-8469-756d22cd2c2c\u00bb custom_margin=\u00bb7px|||40px|false|false\u00bb box_shadow_style=\u00bbpreset1&#8243; global_colors_info=\u00bb{%22gcid-a7242f12-7592-46a0-8469-756d22cd2c2c%22:%91%22button_bg_color%22%93}\u00bb][\/et_pb_button][\/et_pb_column][\/et_pb_row][et_pb_row column_structure=\u00bb1_2,1_2&#8243; use_custom_gutter=\u00bbon\u00bb gutter_width=\u00bb1&#8243; _builder_version=\u00bb4.22.2&#8243; _module_preset=\u00bbdefault\u00bb width=\u00bb100%\u00bb max_width=\u00bb2560px\u00bb module_alignment=\u00bbcenter\u00bb min_height=\u00bb153px\u00bb custom_padding=\u00bb51px|111px||||\u00bb global_colors_info=\u00bb{}\u00bb][et_pb_column type=\u00bb1_2&#8243; _builder_version=\u00bb4.22.2&#8243; _module_preset=\u00bbdefault\u00bb global_colors_info=\u00bb{}\u00bb][et_pb_text _builder_version=\u00bb4.22.2&#8243; _module_preset=\u00bbdefault\u00bb text_font=\u00bbAlegreya Sans||||||||\u00bb text_text_color=\u00bb#FFFFFF\u00bb text_font_size=\u00bb35px\u00bb text_line_height=\u00bb1.45em\u00bb text_orientation=\u00bbright\u00bb custom_margin=\u00bb|-57px||5px|false|false\u00bb custom_padding=\u00bb20px|0px|30px||false|false\u00bb text_text_shadow_style=\u00bbpreset2&#8243; global_colors_info=\u00bb{}\u00bb]<\/p>\n<p style=\"text-align: center;\">\u00a1Mira los actual eventos y oportunidades de voluntario!<\/p>\n<p>[\/et_pb_text][et_pb_button button_url=\u00bbhttps:\/\/lcslo.org\/events\/\u00bb button_text=\u00bbHaga clic aqu\u00ed\u00bb button_alignment=\u00bbcenter\u00bb _builder_version=\u00bb4.22.2&#8243; _module_preset=\u00bbdefault\u00bb custom_button=\u00bbon\u00bb button_text_color=\u00bb#FFFFFF\u00bb button_bg_color=\u00bbgcid-ffa6660f-0ff0-4e1f-89aa-92f8c10c95ce\u00bb custom_margin=\u00bb7px|||40px|false|false\u00bb box_shadow_style=\u00bbpreset1&#8243; global_colors_info=\u00bb{%22gcid-ffa6660f-0ff0-4e1f-89aa-92f8c10c95ce%22:%91%22button_bg_color%22%93}\u00bb][\/et_pb_button][\/et_pb_column][et_pb_column type=\u00bb1_2&#8243; _builder_version=\u00bb4.22.2&#8243; _module_preset=\u00bbdefault\u00bb global_colors_info=\u00bb{}\u00bb][et_pb_text _builder_version=\u00bb4.22.2&#8243; _module_preset=\u00bbdefault\u00bb text_font=\u00bbAlegreya Sans||||||||\u00bb text_text_color=\u00bb#FFFFFF\u00bb text_font_size=\u00bb35px\u00bb text_line_height=\u00bb1.45em\u00bb text_orientation=\u00bbright\u00bb width=\u00bb79.9%\u00bb custom_margin=\u00bb|-23px||53px|false|false\u00bb custom_padding=\u00bb20px||30px|67px|false|false\u00bb text_text_shadow_style=\u00bbpreset2&#8243; global_colors_info=\u00bb{}\u00bb]<\/p>\n<p style=\"text-align: center;\">\u00bfListo para ser voluntario?<\/p>\n<p>[\/et_pb_text][et_pb_button button_url=\u00bbhttps:\/\/lcslo.org\/volunteer\/\u00bb url_new_window=\u00bbon\u00bb button_text=\u00bbHaga clic aqu\u00ed\u00bb button_alignment=\u00bbcenter\u00bb _builder_version=\u00bb4.22.2&#8243; _module_preset=\u00bbdefault\u00bb custom_button=\u00bbon\u00bb button_text_color=\u00bb#FFFFFF\u00bb button_bg_color=\u00bbgcid-51eaea78-813f-4272-b8b7-c3e452251e13&#8243; custom_margin=\u00bb9px||||false|false\u00bb box_shadow_style=\u00bbpreset1&#8243; global_colors_info=\u00bb{%22gcid-51eaea78-813f-4272-b8b7-c3e452251e13%22:%91%22button_bg_color%22%93}\u00bb][\/et_pb_button][\/et_pb_column][\/et_pb_row][\/et_pb_section][et_pb_section fb_built=\u00bb1&#8243; _builder_version=\u00bb4.24.0&#8243; _module_preset=\u00bbdefault\u00bb background_color=\u00bbrgba(255,255,255,0.92)\u00bb use_background_color_gradient=\u00bbon\u00bb background_color_gradient_stops=\u00bbrgba(255,255,255,0.95) 0%|rgba(255,255,255,0.95) 100%\u00bb background_color_gradient_overlays_image=\u00bbon\u00bb background_enable_image=\u00bboff\u00bb parallax=\u00bbon\u00bb parallax_method=\u00bboff\u00bb min_height=\u00bb100px\u00bb height=\u00bb879px\u00bb max_height=\u00bb1000px\u00bb custom_margin=\u00bb||-7px||false|false\u00bb custom_padding=\u00bb0.4%||0.4%||true|false\u00bb global_colors_info=\u00bb{}\u00bb][et_pb_row use_custom_gutter=\u00bbon\u00bb gutter_width=\u00bb1&#8243; _builder_version=\u00bb4.24.0&#8243; _module_preset=\u00bbdefault\u00bb width=\u00bb86%\u00bb max_width=\u00bb2262px\u00bb module_alignment=\u00bbcenter\u00bb min_height=\u00bb876.7px\u00bb custom_padding=\u00bb27px|||||\u00bb global_colors_info=\u00bb{}\u00bb][et_pb_column type=\u00bb4_4&#8243; _builder_version=\u00bb4.17.4&#8243; _module_preset=\u00bbdefault\u00bb global_colors_info=\u00bb{}\u00bb][et_pb_gallery gallery_ids=\u00bb241756,241969,241741,241968,241961,241970&#8243; posts_number=\u00bb16&#8243; show_title_and_caption=\u00bboff\u00bb show_pagination=\u00bboff\u00bb _builder_version=\u00bb4.24.0&#8243; _module_preset=\u00bbdefault\u00bb min_height=\u00bb811.7px\u00bb custom_css_gallery_item=\u00bbwidth: 33% !important;||clear: right !important;||padding: 30px;\u00bb global_colors_info=\u00bb{}\u00bb custom_css_gallery_item_last_edited=\u00bbon|phone\u00bb custom_css_gallery_item_tablet=\u00bbwidth: 50% !important;||clear: right !important;||padding: 20px;\u00bb custom_css_gallery_item_phone=\u00bbwidth: 100% !important;||clear: right !important;||padding: 10px;\u00bb][\/et_pb_gallery][\/et_pb_column][\/et_pb_row][\/et_pb_section]<\/p>\n","protected":false},"excerpt":{"rendered":"<p>Hacer un diferencia para j\u00f3venes localesSea voluntario entre los robles Desde el principio de Aprendiendo entre los Robles en 2005, voluntarios son un parte muy importante en este programa. Un fuerte entramando de voluntarios, algunos con m\u00e1s de un d\u00e9cada de enredo, seguir creciendo el programa. Que: Apoya las excursiones educativas con nuestro programa Aprendiendo [&hellip;]<\/p>\n","protected":false},"author":13,"featured_media":0,"parent":0,"menu_order":0,"comment_status":"closed","ping_status":"closed","template":"","meta":{"_et_pb_use_builder":"on","_et_pb_old_content":"","_et_gb_content_width":"","footnotes":""},"class_list":["post-242173","page","type-page","status-publish","hentry"],"_links":{"self":[{"href":"https:\/\/learningamongtheoaks.org\/es\/wp-json\/wp\/v2\/pages\/242173","targetHints":{"allow":["GET"]}}],"collection":[{"href":"https:\/\/learningamongtheoaks.org\/es\/wp-json\/wp\/v2\/pages"}],"about":[{"href":"https:\/\/learningamongtheoaks.org\/es\/wp-json\/wp\/v2\/types\/page"}],"author":[{"embeddable":true,"href":"https:\/\/learningamongtheoaks.org\/es\/wp-json\/wp\/v2\/users\/13"}],"replies":[{"embeddable":true,"href":"https:\/\/learningamongtheoaks.org\/es\/wp-json\/wp\/v2\/comments?post=242173"}],"version-history":[{"count":3,"href":"https:\/\/learningamongtheoaks.org\/es\/wp-json\/wp\/v2\/pages\/242173\/revisions"}],"predecessor-version":[{"id":242176,"href":"https:\/\/learningamongtheoaks.org\/es\/wp-json\/wp\/v2\/pages\/242173\/revisions\/242176"}],"wp:attachment":[{"href":"https:\/\/learningamongtheoaks.org\/es\/wp-json\/wp\/v2\/media?parent=242173"}],"curies":[{"name":"wp","href":"https:\/\/api.w.org\/{rel}","templated":true}]}}