{"id":242076,"date":"2014-03-03T03:39:09","date_gmt":"2014-03-03T03:39:09","guid":{"rendered":"https:\/\/learningamongtheoaks.org\/galleta-de-roble-dar-un-cuento\/"},"modified":"2025-11-21T19:17:46","modified_gmt":"2025-11-21T19:17:46","slug":"galleta-de-roble-dar-un-cuento","status":"publish","type":"page","link":"https:\/\/learningamongtheoaks.org\/es\/galleta-de-roble-dar-un-cuento\/","title":{"rendered":"\u00abGalleta\u00bb de roble dar un cuento"},"content":{"rendered":"<p>[et_pb_section][et_pb_row][et_pb_column type=\u00bb4_4&#8243;][et_pb_text]Los \u00c1rboles de Robles son el centro de Aprendiendo Entre Los Robles. Debajo es un poto adentro de un Roble Costero que cay\u00f3 en el Rancho de Santa Margarita en 2013. Este Roble Costero fue usado para construir bancos hermosas para el centro del camino de Aprendiendo Entre Los Robles.<\/p>\n<p>Este secci\u00f3n transversal, como lo gusta llamarlo es un \u00abGalleta de \u00c1rbol\u00bb, proporciona un excelente forma de vista adentro la vida de un Roble. Debajo puede encontrar dos poto que ensenarse sobre el anatom\u00eda de un \u00c1rbol de Roble y la historia de local conectada del vida de este Roble. \u00c9chale un vistazo<\/p>\n<h2><span style=\"color: #003300;\"><span style=\"text-decoration: underline;\"><strong>Un vista adentro de un Galleta de Roble<\/strong><\/span> <\/span><\/h2>\n<h3><span style=\"color: #003300;\"><strong>\u00a1Despl\u00e1zate sobre la imagen para conocer las partes de un \u00e1rbol!<\/strong><\/span><\/h3>\n<h3><img decoding=\"async\" style=\"max-width: 100%;\" src=\"\/\/cdn.thinglink.me\/api\/image\/501831537994498050\/1024\/10\/scaletowidth#tl-501831537994498050;1043138249\" alt=\"\"><script charset=\"utf-8\" type=\"text\/javascript\" src=\"\/\/cdn.thinglink.me\/jse\/embed.js\" async=\"\"><\/script><\/h3>\n<p>&nbsp;<\/p>\n<h4><a title=\"Robles en el Centro Gallaria de potos\" href=\"http:\/\/learningamongtheoaks.org\/?page_id=2727\">Para obtener m\u00e1s informaci\u00f3n sobre las partes de esta galleta de \u00e1rbol, visita nuestra Galer\u00eda de im\u00e1genes Robles en el centro.<\/a><\/h4>\n<h2><span style=\"text-decoration: underline;\"><span style=\"color: #003300; text-decoration: underline;\">Un l\u00ednea de tiempo de un \u00e1rbol:<\/span><\/span><\/h2>\n<p>Los \u00e1rboles puede dar un magnifica l\u00ednea de tiempo del historia naturaleza de un lugar. Debajo es un l\u00ednea de tiempo lo que pasaron en Santa Margarita, California y los Estados Unidos entre la vida de este \u00e1rbol. \u00a1Los puntos en la p\u00e1gina muestran aproximadamente qu\u00e9 anillos de crecimiento se crearon en los a\u00f1os en que ocurrieron estos eventos! <img decoding=\"async\" style=\"max-width: 100%;\" src=\"\/\/cdn.thinglink.me\/api\/image\/502630861414334466\/1024\/10\/scaletowidth#tl-502630861414334466;1043138249\" alt=\"\"><script charset=\"utf-8\" type=\"text\/javascript\" src=\"\/\/cdn.thinglink.me\/jse\/embed.js\" async=\"\"><\/script>[\/et_pb_text][\/et_pb_column][\/et_pb_row][\/et_pb_section]<\/p>\n","protected":false},"excerpt":{"rendered":"<p><div class=\"et_pb_section et_pb_section_0 et_section_regular\" >\n\t\t\t\t\n\t\t\t\t\n\t\t\t\t\n\t\t\t\t\n\t\t\t\t\n\t\t\t\t\n\t\t\t\t\n\t\t\t\t\n\t\t\t\t\n\t\t\t<\/div><div class=\"et_pb_row et_pb_row_0 et_pb_row_empty\">\n\t\t\t\t\n\t\t\t\t\n\t\t\t\t\n\t\t\t\t\n\t\t\t\t\n\t\t\t<\/div><div class=\"et_pb_module et_pb_text et_pb_text_0  et_pb_text_align_left et_pb_bg_layout_light\">\n\t\t\t\t\n\t\t\t\t\n\t\t\t\t\n\t\t\t\t\n\t\t\t\t\n\t\t\t<\/div>Los \u00c1rboles de Robles son el centro de Aprendiendo Entre Los Robles. Debajo es un poto adentro de un Roble Costero que cay\u00f3 en el Rancho de Santa Margarita en 2013. Este Roble Costero fue usado para construir bancos hermosas para el centro del camino de Aprendiendo Entre Los Robles. Este secci\u00f3n transversal, como lo [&hellip;]<\/p>\n","protected":false},"author":2,"featured_media":0,"parent":0,"menu_order":0,"comment_status":"closed","ping_status":"closed","template":"","meta":{"_et_pb_use_builder":"on","_et_pb_old_content":"","_et_gb_content_width":"","footnotes":""},"class_list":["post-242076","page","type-page","status-publish","hentry"],"_links":{"self":[{"href":"https:\/\/learningamongtheoaks.org\/es\/wp-json\/wp\/v2\/pages\/242076","targetHints":{"allow":["GET"]}}],"collection":[{"href":"https:\/\/learningamongtheoaks.org\/es\/wp-json\/wp\/v2\/pages"}],"about":[{"href":"https:\/\/learningamongtheoaks.org\/es\/wp-json\/wp\/v2\/types\/page"}],"author":[{"embeddable":true,"href":"https:\/\/learningamongtheoaks.org\/es\/wp-json\/wp\/v2\/users\/2"}],"replies":[{"embeddable":true,"href":"https:\/\/learningamongtheoaks.org\/es\/wp-json\/wp\/v2\/comments?post=242076"}],"version-history":[{"count":5,"href":"https:\/\/learningamongtheoaks.org\/es\/wp-json\/wp\/v2\/pages\/242076\/revisions"}],"predecessor-version":[{"id":242127,"href":"https:\/\/learningamongtheoaks.org\/es\/wp-json\/wp\/v2\/pages\/242076\/revisions\/242127"}],"wp:attachment":[{"href":"https:\/\/learningamongtheoaks.org\/es\/wp-json\/wp\/v2\/media?parent=242076"}],"curies":[{"name":"wp","href":"https:\/\/api.w.org\/{rel}","templated":true}]}}