{"id":242031,"date":"2020-05-20T19:14:36","date_gmt":"2020-05-20T19:14:36","guid":{"rendered":"https:\/\/learningamongtheoaks.org\/proyecto-de-cajas-nido-para-aves\/"},"modified":"2025-11-21T18:56:28","modified_gmt":"2025-11-21T18:56:28","slug":"proyecto-de-cajas-nido-para-aves","status":"publish","type":"page","link":"https:\/\/learningamongtheoaks.org\/es\/proyecto-de-cajas-nido-para-aves\/","title":{"rendered":"Proyecto de cajas nido para aves"},"content":{"rendered":"<p>[et_pb_section fb_built=\u00bb1&#8243; _builder_version=\u00bb4.22.2&#8243; use_background_color_gradient=\u00bbon\u00bb background_color_gradient_stops=\u00bbrgba(71,71,71,0.4) 0%|rgba(71,71,71,0.39) 0%|rgba(0,0,0,0.51) 100%\u00bb background_color_gradient_overlays_image=\u00bbon\u00bb background_color_gradient_start=\u00bbrgba(0,0,0,0)\u00bb background_color_gradient_end=\u00bbrgba(0,0,0,0.51)\u00bb background_image=\u00bbhttps:\/\/learningamongtheoaks.org\/wp-content\/uploads\/2022\/10\/1-1.jpg\u00bb min_height=\u00bb400px\u00bb custom_margin=\u00bb||||false|false\u00bb global_colors_info=\u00bb{}\u00bb][et_pb_row _builder_version=\u00bb4.27.4&#8243; global_colors_info=\u00bb{}\u00bb][et_pb_column type=\u00bb4_4&#8243; _builder_version=\u00bb4.16&#8243; global_colors_info=\u00bb{}\u00bb][et_pb_text _builder_version=\u00bb4.27.4&#8243; text_font_size=\u00bb34px\u00bb header_font=\u00bbAlegreya Sans||||||||\u00bb custom_margin=\u00bb55px||||false|false\u00bb hover_enabled=\u00bb0&#8243; header_2_font_size_tablet=\u00bb\u00bb header_2_font_size_phone=\u00bb26px\u00bb header_2_font_size_last_edited=\u00bbon|phone\u00bb text_text_shadow_style=\u00bbpreset2&#8243; global_colors_info=\u00bb{}\u00bb sticky_enabled=\u00bb0&#8243;]<\/p>\n<h1 style=\"text-align: center;\"><span style=\"color: #ffffff;\">Proyecto de cajas nido para aves<\/span><\/h1>\n<p>[\/et_pb_text][\/et_pb_column][\/et_pb_row][\/et_pb_section][et_pb_section fb_built=\u00bb1&#8243; custom_padding_last_edited=\u00bbon|phone\u00bb _builder_version=\u00bb4.27.4&#8243; use_background_color_gradient=\u00bbon\u00bb background_color_gradient_stops=\u00bbrgba(255,255,255,0.96) 0%|rgba(255,255,255,0.95) 100%\u00bb background_color_gradient_overlays_image=\u00bbon\u00bb background_image=\u00bbhttps:\/\/learningamongtheoaks.org\/wp-content\/uploads\/2021\/02\/oak-leaves-background.jpg\u00bb custom_padding_tablet=\u00bb\u00bb custom_padding_phone=\u00bb0px||0px||false|false\u00bb hover_enabled=\u00bb0&#8243; global_colors_info=\u00bb{}\u00bb sticky_enabled=\u00bb0&#8243;][et_pb_row _builder_version=\u00bb4.27.4&#8243; custom_margin=\u00bb30px||||false|false\u00bb custom_padding=\u00bb60px||0px||false|false\u00bb global_colors_info=\u00bb{}\u00bb][et_pb_column type=\u00bb4_4&#8243; _builder_version=\u00bb4.16&#8243; global_colors_info=\u00bb{}\u00bb][et_pb_text _builder_version=\u00bb4.27.4&#8243; header_2_font_size_tablet=\u00bb\u00bb header_2_font_size_phone=\u00bb22px\u00bb header_2_font_size_last_edited=\u00bbon|phone\u00bb global_colors_info=\u00bb{}\u00bb]<\/p>\n<h3 style=\"text-align: center;\">Cuidar la naturaleza es una actividad en la que los estudiantes de Aprendiendo Entre Los Robles tienen la oportunidad de participar. Una forma de aprender a la vez que se produce un impacto tangible en nuestros ecosistemas de robledales locales es a trav\u00e9s de la instalaci\u00f3n, el cuidado y la recogida de datos de las cajas nido para aves. Muchas de nuestras especies de aves de robledales de California favoritas dependen de cavidades, u agujeros, hechos en los \u00e1rboles para anidar. En lugares donde los \u00e1rboles han sido eliminados o se gestionan con fines est\u00e9ticos, la disponibilidad de lugares de anidaci\u00f3n adecuados puede limitar la reproducci\u00f3n de las aves.<\/h3>\n<p>[\/et_pb_text][\/et_pb_column][\/et_pb_row][et_pb_row column_structure=\u00bb1_5,3_5,1_5&#8243; _builder_version=\u00bb4.27.4&#8243; custom_margin=\u00bb-4px||||false|false\u00bb border_width_top=\u00bb2px\u00bb border_color_top=\u00bb#43819d\u00bb global_colors_info=\u00bb{}\u00bb][et_pb_column type=\u00bb1_5&#8243; disabled_on=\u00bbon|off|off\u00bb _builder_version=\u00bb4.16&#8243; global_colors_info=\u00bb{}\u00bb][\/et_pb_column][et_pb_column type=\u00bb3_5&#8243; _builder_version=\u00bb4.16&#8243; global_colors_info=\u00bb{}\u00bb][et_pb_text _builder_version=\u00bb4.27.4&#8243; custom_margin=\u00bb||-45px|0px|false|false\u00bb custom_padding=\u00bb8px|8px|0px|8px|false|false\u00bb text_font_size_tablet=\u00bb\u00bb text_font_size_phone=\u00bb14px\u00bb text_font_size_last_edited=\u00bbon|phone\u00bb global_colors_info=\u00bb{}\u00bb]<\/p>\n<h4><img loading=\"lazy\" decoding=\"async\" src=\"https:\/\/learningamongtheoaks.org\/wp-content\/uploads\/2025\/02\/cropped-bird-box-kids-1024x576.jpg\" width=\"1024\" height=\"576\" alt=\"\" class=\"wp-image-239828 aligncenter size-large\" srcset=\"https:\/\/learningamongtheoaks.org\/wp-content\/uploads\/2025\/02\/cropped-bird-box-kids-980x551.jpg 980w, https:\/\/learningamongtheoaks.org\/wp-content\/uploads\/2025\/02\/cropped-bird-box-kids-480x270.jpg 480w\" sizes=\"(min-width: 0px) and (max-width: 480px) 480px, (min-width: 481px) and (max-width: 980px) 980px, (min-width: 981px) 1024px, 100vw\" \/>Cuidar las cajas nido para aves es una actividad maravillosa para j\u00f3venes y familias. Cada a\u00f1o limpiamos y reparamos nuestras cajas nido en diciembre. La recogida de datos se lleva a cabo de marzo a agosto de cada a\u00f1o. Animamos a todos los j\u00f3venes y familias del condado de San Luis Obispo a unirse a nosotros en esta importante labor.<\/h4>\n<p>[\/et_pb_text][\/et_pb_column][et_pb_column type=\u00bb1_5&#8243; disabled_on=\u00bbon|off|off\u00bb _builder_version=\u00bb4.16&#8243; global_colors_info=\u00bb{}\u00bb][\/et_pb_column][\/et_pb_row][et_pb_row column_structure=\u00bb1_2,1_2&#8243; _builder_version=\u00bb4.16&#8243; global_colors_info=\u00bb{}\u00bb][et_pb_column type=\u00bb1_2&#8243; _builder_version=\u00bb4.16&#8243; global_colors_info=\u00bb{}\u00bb][et_pb_button button_url=\u00bbhttps:\/\/forms.office.com\/r\/na98Ar9FsC\u00bb button_text=\u00bb\u00a1Inscr\u00edbete como voluntario!\u00bb button_alignment=\u00bbcenter\u00bb _builder_version=\u00bb4.27.4&#8243; custom_button=\u00bbon\u00bb custom_margin=\u00bb0px||||false|false\u00bb button_text_size_tablet=\u00bb\u00bb button_text_size_phone=\u00bb14px\u00bb button_text_size_last_edited=\u00bbon|phone\u00bb global_colors_info=\u00bb{}\u00bb][\/et_pb_button][\/et_pb_column][et_pb_column type=\u00bb1_2&#8243; _builder_version=\u00bb4.16&#8243; global_colors_info=\u00bb{}\u00bb][et_pb_button button_url=\u00bbmailto:lato@lcslo.org\u00bb button_text=\u00bb\u00bfTiene alguna pregunta?\u00bb button_alignment=\u00bbcenter\u00bb _builder_version=\u00bb4.27.4&#8243; custom_button=\u00bbon\u00bb button_text_size_tablet=\u00bb\u00bb button_text_size_phone=\u00bb14px\u00bb button_text_size_last_edited=\u00bbon|phone\u00bb global_colors_info=\u00bb{}\u00bb][\/et_pb_button][\/et_pb_column][\/et_pb_row][\/et_pb_section][et_pb_section fb_built=\u00bb1&#8243; _builder_version=\u00bb4.16&#8243; global_colors_info=\u00bb{}\u00bb][\/et_pb_section]<\/p>\n","protected":false},"excerpt":{"rendered":"<p>Proyecto de cajas nido para avesCuidar la naturaleza es una actividad en la que los estudiantes de Aprendiendo Entre Los Robles tienen la oportunidad de participar. Una forma de aprender a la vez que se produce un impacto tangible en nuestros ecosistemas de robledales locales es a trav\u00e9s de la instalaci\u00f3n, el cuidado y la [&hellip;]<\/p>\n","protected":false},"author":2,"featured_media":0,"parent":0,"menu_order":0,"comment_status":"closed","ping_status":"closed","template":"","meta":{"_et_pb_use_builder":"on","_et_pb_old_content":"","_et_gb_content_width":"","footnotes":""},"class_list":["post-242031","page","type-page","status-publish","hentry"],"_links":{"self":[{"href":"https:\/\/learningamongtheoaks.org\/es\/wp-json\/wp\/v2\/pages\/242031","targetHints":{"allow":["GET"]}}],"collection":[{"href":"https:\/\/learningamongtheoaks.org\/es\/wp-json\/wp\/v2\/pages"}],"about":[{"href":"https:\/\/learningamongtheoaks.org\/es\/wp-json\/wp\/v2\/types\/page"}],"author":[{"embeddable":true,"href":"https:\/\/learningamongtheoaks.org\/es\/wp-json\/wp\/v2\/users\/2"}],"replies":[{"embeddable":true,"href":"https:\/\/learningamongtheoaks.org\/es\/wp-json\/wp\/v2\/comments?post=242031"}],"version-history":[{"count":11,"href":"https:\/\/learningamongtheoaks.org\/es\/wp-json\/wp\/v2\/pages\/242031\/revisions"}],"predecessor-version":[{"id":242113,"href":"https:\/\/learningamongtheoaks.org\/es\/wp-json\/wp\/v2\/pages\/242031\/revisions\/242113"}],"wp:attachment":[{"href":"https:\/\/learningamongtheoaks.org\/es\/wp-json\/wp\/v2\/media?parent=242031"}],"curies":[{"name":"wp","href":"https:\/\/api.w.org\/{rel}","templated":true}]}}