{"id":242024,"date":"2022-06-29T18:27:41","date_gmt":"2022-06-29T18:27:41","guid":{"rendered":"https:\/\/learningamongtheoaks.org\/boletin-de-notas-de-la-naturaleza\/"},"modified":"2025-11-21T18:52:35","modified_gmt":"2025-11-21T18:52:35","slug":"boletin-de-notas-de-la-naturaleza","status":"publish","type":"page","link":"https:\/\/learningamongtheoaks.org\/es\/boletin-de-notas-de-la-naturaleza\/","title":{"rendered":"Bolet\u00edn de notas de la naturaleza"},"content":{"rendered":"<p>[et_pb_section fb_built=\u00bb1&#8243; _builder_version=\u00bb4.17.4&#8243; _module_preset=\u00bbdefault\u00bb background_image=\u00bbhttps:\/\/learningamongtheoaks.org\/wp-content\/uploads\/2022\/05\/IMG_0984-scaled.jpeg\u00bb global_colors_info=\u00bb{}\u00bb][et_pb_row _builder_version=\u00bb4.17.4&#8243; _module_preset=\u00bbdefault\u00bb global_colors_info=\u00bb{}\u00bb][et_pb_column type=\u00bb4_4&#8243; _builder_version=\u00bb4.17.4&#8243; _module_preset=\u00bbdefault\u00bb global_colors_info=\u00bb{}\u00bb][et_pb_divider show_divider=\u00bboff\u00bb _builder_version=\u00bb4.17.4&#8243; _module_preset=\u00bbdefault\u00bb min_height=\u00bb100px\u00bb global_colors_info=\u00bb{}\u00bb][\/et_pb_divider][\/et_pb_column][\/et_pb_row][\/et_pb_section][et_pb_section fb_built=\u00bb1&#8243; _builder_version=\u00bb4.24.0&#8243; _module_preset=\u00bbdefault\u00bb background_image=\u00bbhttps:\/\/learningamongtheoaks.org\/wp-content\/uploads\/2022\/09\/oak-leaves-background.jpg\u00bb parallax=\u00bbon\u00bb parallax_method=\u00bboff\u00bb global_colors_info=\u00bb{}\u00bb][et_pb_row column_structure=\u00bb1_2,1_2&#8243; _builder_version=\u00bb4.24.0&#8243; _module_preset=\u00bbdefault\u00bb background_enable_color=\u00bboff\u00bb background_enable_image=\u00bboff\u00bb parallax=\u00bbon\u00bb parallax_method=\u00bboff\u00bb width=\u00bb100%\u00bb max_width=\u00bb2560px\u00bb min_height=\u00bb329.6px\u00bb custom_margin=\u00bb|auto|-34px|auto||\u00bb custom_padding=\u00bb0px||0px||false|false\u00bb global_colors_info=\u00bb{}\u00bb][et_pb_column type=\u00bb1_2&#8243; _builder_version=\u00bb4.17.4&#8243; _module_preset=\u00bbdefault\u00bb custom_padding=\u00bb5%|||5%|false|false\u00bb custom_css_main_element=\u00bbwidth: 63%!important;\u00bb global_colors_info=\u00bb{}\u00bb custom_css_main_element_last_edited=\u00bbon|phone\u00bb custom_css_main_element_tablet=\u00bb \u00bb custom_css_main_element_phone=\u00bb \u00ab][et_pb_text _builder_version=\u00bb4.24.0&#8243; _module_preset=\u00bbdefault\u00bb text_font=\u00bbLato|||on|||||\u00bb text_font_size=\u00bb22px\u00bb text_letter_spacing=\u00bb1px\u00bb text_line_height=\u00bb1.3em\u00bb header_font=\u00bbAlegreya Sans||||||||\u00bb header_font_size=\u00bb53px\u00bb header_line_height=\u00bb1.1em\u00bb custom_margin=\u00bb||21px|||\u00bb global_colors_info=\u00bb{}\u00bb]<\/p>\n<h1>Notas de la naturaleza de Aprendiendo Entre Los Robles<\/h1>\n<p>Nuestro bolet\u00edn<\/p>\n<p>[\/et_pb_text][et_pb_text _builder_version=\u00bb4.22.2&#8243; _module_preset=\u00bbdefault\u00bb text_font=\u00bbLato||||||||\u00bb text_font_size=\u00bb18px\u00bb text_line_height=\u00bb1.6em\u00bb global_colors_info=\u00bb{}\u00bb]<\/p>\n<p>En nuestro bolet\u00edn de notas de la naturaleza, compartimos los aspectos m\u00e1s destacados de las actividades de Aprendiendo Entre Los Robles con las comunidades a las que servimos. Es una forma de mantenerse conectado e invitar a su participaci\u00f3n como voluntario, donante, socio, patrocinador empresarial y\/o amigo. Esperamos que disfrute de estos aspectos destacados y se sienta orgulloso de lo que logramos juntos.  <\/p>\n<p>[\/et_pb_text][\/et_pb_column][et_pb_column type=\u00bb1_2&#8243; _builder_version=\u00bb4.17.4&#8243; _module_preset=\u00bbdefault\u00bb background_color=\u00bbgcid-2a550e3b-8397-4f47-a24b-806ac5971d40&#8243; custom_padding=\u00bb3%|3%|3%|3%|true|true\u00bb custom_css_main_element=\u00bbwidth:32%!important;\u00bb global_colors_info=\u00bb{%22gcid-2a550e3b-8397-4f47-a24b-806ac5971d40%22:%91%22background_color%22%93}\u00bb custom_css_main_element_last_edited=\u00bbon|phone\u00bb custom_css_main_element_tablet=\u00bb \u00bb custom_css_main_element_phone=\u00bb \u00ab][et_pb_text _builder_version=\u00bb4.25.2&#8243; _module_preset=\u00bbdefault\u00bb text_font=\u00bbLato||||||||\u00bb text_line_height=\u00bb1.5em\u00bb custom_margin=\u00bb|108px||||\u00bb global_colors_info=\u00bb{}\u00bb]<\/p>\n<p>Suscr\u00edbase a nuestra lista de correo y reciba nuestro bolet\u00edn de notas de la naturaleza:<\/p>\n<p>[\/et_pb_text][et_pb_contact_form captcha=\u00bboff\u00bb email=\u00bblato@lcslo.org\u00bb custom_message=\u00bb%%First_Name%% %%Last_Name%% ha solicitado que se le a\u00f1ada a la lista de correo del bolet\u00edn. La direcci\u00f3n de correo electr\u00f3nico es %%Email%%.||et_pb_line_break_holder||\u00bb success_message=\u00bbGracias por unirse a nuestra lista de correo para recibir nuestro bolet\u00edn mensual.\u00bb submit_button_text=\u00bb\u00danase a nuestra lista de correo\u00bb _builder_version=\u00bb4.23.1&#8243; _module_preset=\u00bbdefault\u00bb _unique_id=\u00bb82962d5d-b0eb-4dd3-9edd-eb575776ed95&#8243; form_field_text_color=\u00bb#666666&#8243; form_field_focus_text_color=\u00bbgcid-a7242f12-7592-46a0-8469-756d22cd2c2c\u00bb form_field_font=\u00bbLato||||||||\u00bb form_field_font_size=\u00bb16px\u00bb form_field_line_height=\u00bb1.5em\u00bb custom_button=\u00bbon\u00bb button_text_size=\u00bb20px\u00bb button_bg_color=\u00bbgcid-51eaea78-813f-4272-b8b7-c3e452251e13&#8243; button_border_color=\u00bbgcid-51eaea78-813f-4272-b8b7-c3e452251e13&#8243; button_border_radius=\u00bb6px\u00bb button_letter_spacing=\u00bb2px\u00bb button_font=\u00bbLato||||||||\u00bb button_use_icon=\u00bboff\u00bb width=\u00bb91.9%\u00bb max_width=\u00bb800px\u00bb button_text_size_tablet=\u00bb18px\u00bb button_text_size_phone=\u00bb18px\u00bb button_text_size_last_edited=\u00bbon|tablet\u00bb global_colors_info=\u00bb{%22gcid-51eaea78-813f-4272-b8b7-c3e452251e13%22:%91%22button_bg_color%22,%22button_border_color%22%93,%22gcid-a7242f12-7592-46a0-8469-756d22cd2c2c%22:%91%22form_field_focus_text_color%22%93}\u00bb][et_pb_contact_field field_id=\u00bbFirst_Name\u00bb field_title=\u00bbNombre\u00bb fullwidth_field=\u00bbon\u00bb _builder_version=\u00bb4.23.1&#8243; _module_preset=\u00bbdefault\u00bb global_colors_info=\u00bb{}\u00bb][\/et_pb_contact_field][et_pb_contact_field field_id=\u00bbLast_Name\u00bb field_title=\u00bbApellido\u00bb fullwidth_field=\u00bbon\u00bb _builder_version=\u00bb4.23.1&#8243; _module_preset=\u00bbdefault\u00bb global_colors_info=\u00bb{}\u00bb][\/et_pb_contact_field][et_pb_contact_field field_id=\u00bbEmail\u00bb field_title=\u00bbDirecci\u00f3n de correo electr\u00f3nico\u00bb field_type=\u00bbemail\u00bb fullwidth_field=\u00bbon\u00bb _builder_version=\u00bb4.23.1&#8243; _module_preset=\u00bbdefault\u00bb global_colors_info=\u00bb{}\u00bb][\/et_pb_contact_field][\/et_pb_contact_form][\/et_pb_column][\/et_pb_row][et_pb_row column_structure=\u00bb2_3,1_3&#8243; _builder_version=\u00bb4.17.4&#8243; _module_preset=\u00bbdefault\u00bb width=\u00bb90%\u00bb max_width=\u00bb2560px\u00bb min_height=\u00bb1221.4px\u00bb custom_padding=\u00bb32px||0px|||\u00bb global_colors_info=\u00bb{}\u00bb][et_pb_column type=\u00bb2_3&#8243; _builder_version=\u00bb4.17.4&#8243; _module_preset=\u00bbdefault\u00bb global_colors_info=\u00bb{}\u00bb][et_pb_text _builder_version=\u00bb4.27.4&#8243; _module_preset=\u00bbdefault\u00bb header_2_font=\u00bbAlegreya Sans||||||||\u00bb header_2_font_size=\u00bb36px\u00bb custom_margin=\u00bb||0px|||\u00bb global_colors_info=\u00bb{}\u00bb]<\/p>\n<h2>Notas de la naturaleza actuales<\/h2>\n<p>[\/et_pb_text][et_pb_text _builder_version=\u00bb4.27.4&#8243; _module_preset=\u00bbdefault\u00bb global_colors_info=\u00bb{}\u00bb]<\/p>\n<p>Haga clic en la flecha de la esquina superior derecha para ampliar<\/p>\n<p>[\/et_pb_text][et_pb_code raw_content_tablet=\u00bb\u00bb raw_content_phone=\u00bb\u00bb raw_content_last_edited=\u00bbon|phone\u00bb _builder_version=\u00bb4.27.4&#8243; _module_preset=\u00bbdefault\u00bb max_width=\u00bb85%\u00bb custom_margin=\u00bb||12px|||\u00bb hover_enabled=\u00bb0&#8243; global_colors_info=\u00bb{}\u00bb sticky_enabled=\u00bb0&#8243;]<iframe loading=\"lazy\" src=\"https:\/\/drive.google.com\/file\/d\/17T_i7jn8ozVxQKspFJVNCfTZTGaBr6dT\/preview\" width=\"960\" height=\"640\" allow=\"autoplay\"><\/iframe>[\/et_pb_code][\/et_pb_column][et_pb_column type=\u00bb1_3&#8243; _builder_version=\u00bb4.17.4&#8243; _module_preset=\u00bbdefault\u00bb global_colors_info=\u00bb{}\u00bb][et_pb_text module_class=\u00bbnewsletters\u00bb _builder_version=\u00bb4.27.4&#8243; _module_preset=\u00bbdefault\u00bb text_font=\u00bbLato||||||||\u00bb text_font_size=\u00bb18px\u00bb header_2_font=\u00bbAlegreya Sans||||||||\u00bb header_2_font_size=\u00bb36px\u00bb header_2_line_height=\u00bb1.4em\u00bb header_3_font=\u00bbAlegreya Sans||||||||\u00bb header_3_font_size=\u00bb28px\u00bb custom_margin=\u00bb0px||||false|false\u00bb custom_padding=\u00bb||0px|||\u00bb hover_enabled=\u00bb0&#8243; global_colors_info=\u00bb{}\u00bb sticky_enabled=\u00bb0&#8243;]<\/p>\n<h2><\/h2>\n<h2><\/h2>\n<h2>Notas de la naturaleza recientes<\/h2>\n<p><strong>2025<\/strong><\/p>\n<p><a href=\"https:\/\/drive.google.com\/file\/d\/17T_i7jn8ozVxQKspFJVNCfTZTGaBr6dT\/view\" target=\"_blank\" rel=\"noopener\" title=\"https:\/\/drive.google.com\/file\/d\/17T_i7jn8ozVxQKspFJVNCfTZTGaBr6dT\/view\">Novimbre de 2025<\/a><\/p>\n<p><a href=\"https:\/\/drive.google.com\/file\/d\/1dUjb5Ka6MwbrtQVfuyQ38gWweJ4QicP9\/view\" target=\"_blank\" rel=\"noopener\">Roble-tubre de 2025<\/a><\/p>\n<p><a href=\"https:\/\/drive.google.com\/file\/d\/1OHoSFeAPwW_Mbc9k-WZ4_uM-2vEWKT3j\/view\" target=\"_blank\" rel=\"noopener\">Septiembre de 2025<\/a><\/p>\n<p><a href=\"https:\/\/drive.google.com\/file\/d\/1rfW0pHHONARYXOZLUiR4AD55ayXR9oHA\/view\" target=\"_blank\" rel=\"noopener\">Agusto de 2025<\/a><\/p>\n<p><a href=\"https:\/\/drive.google.com\/file\/d\/1HF7IIT4jXGaj5W8IIIp8gMZanOlEbGul\/view\" target=\"_blank\" rel=\"noopener\">Julio de 2025<\/a><\/p>\n<p><a href=\"https:\/\/drive.google.com\/file\/d\/1R37Dp2eIBYCQCIXPJp5ZaA9ER-CsJF6d\/view\" target=\"_blank\" rel=\"noopener\">Junio de 2025<\/a><\/p>\n<p><a href=\"https:\/\/drive.google.com\/file\/d\/18cvCnip41lwhPj0uggzytJDlv5AncElg\/view\" target=\"_blank\" rel=\"noopener\">Celebrando 20 a\u00f1os de LATO 2025<\/a><\/p>\n<p><a href=\"https:\/\/drive.google.com\/file\/d\/1CR_aSDqdv0LYD2DtmzddSAR0QFuZb1TY\/view\" target=\"_blank\" rel=\"noopener\">Mayo de 2025<\/a><\/p>\n<p><a href=\"https:\/\/drive.google.com\/file\/d\/1kR2GI_cjigNl7iqJuqqIdCX-XX5-Ep6l\/view\" target=\"_blank\" rel=\"noopener\">Abril de 2025<\/a><\/p>\n<p><a href=\"https:\/\/drive.google.com\/file\/d\/13eAeimjpKD3nmFMJOTcT3xfLmyj4xRIG\/view\" target=\"_blank\" rel=\"noopener\">Marzo de 2025<\/a><\/p>\n<p><a href=\"https:\/\/drive.google.com\/file\/d\/1LYx_h9IbbqWKMcAoGHMQfBr2XjFDJnmB\/view\" target=\"_blank\" rel=\"noopener\">Febrero de 2025<\/a><\/p>\n<p><a href=\"https:\/\/drive.google.com\/file\/d\/1sox7eF02Xv3Dbmwgl02emC6wijdwEXEq\/view\" target=\"_blank\" rel=\"noopener\">Enero de 2025<\/a><\/p>\n<h3>2024<\/h3>\n<p><a href=\"https:\/\/drive.google.com\/file\/d\/1nc3TsfGtmEut_ZqhObsV_tqsBVo6JHJW\/view\" target=\"_blank\" rel=\"noopener\">Diciembre de 2024<\/a><\/p>\n<p><a href=\"https:\/\/drive.google.com\/file\/d\/1Oog1m5opSz111ax-lizddpkxUCSNj9zg\/view\" target=\"_blank\" rel=\"noopener\">Noviembre de 2024<\/a><\/p>\n<p><a href=\"https:\/\/drive.google.com\/file\/d\/1bBk_VHGE-uALOrTPgGIgO8F0T6gUrGkN\/view\" target=\"_blank\" rel=\"noopener\">Octubre de 2024<\/a><\/p>\n<p><a href=\"https:\/\/drive.google.com\/file\/d\/1pWW9yo-miNOeqXSMC6a7LM_2mcu-kLac\/view\" target=\"_blank\" rel=\"noopener\">Septiembre de 2024<\/a><\/p>\n<p><a href=\"https:\/\/drive.google.com\/file\/d\/1_f1XeESY-vg4_HNlz5e5BlSMDyyWaNo-\/view\" target=\"_blank\" rel=\"noopener\">Agosto de 2024<\/a><\/p>\n<p><a href=\"https:\/\/drive.google.com\/file\/d\/1zURicsMaXW2vHPMBUAlrU6lbxjxmI7NX\/view\" target=\"_blank\" rel=\"noopener\">Julio de 2024<\/a><\/p>\n<p><a href=\"https:\/\/drive.google.com\/file\/d\/1evJH1V5Jgdyg6NMZ41Mogr72eo0NFl6q\/view\" target=\"_blank\" rel=\"noopener\">Junio de 2024<\/a><\/p>\n<p><a href=\"https:\/\/drive.google.com\/file\/d\/1rBbXeGfu5qHNpXedeGEFzSVqHWhpoXMa\/view\" target=\"_blank\" rel=\"noopener\">Edici\u00f3n especial de primavera<\/a><\/p>\n<p><a href=\"https:\/\/drive.google.com\/file\/d\/1e5__s4Q722fO2BTeWDGp6ZjEreSSUZto\/view\" target=\"_blank\" rel=\"noopener\">Mayo de 2024<\/a><\/p>\n<p><a href=\"https:\/\/drive.google.com\/file\/d\/1bMOFHrPk5_YMJLXadnPiKqKBe8SKrHT-\/view\" target=\"_blank\" rel=\"noopener\">Abril de 2024<\/a><\/p>\n<p><a href=\"https:\/\/drive.google.com\/file\/d\/1TqZccGzux5ajCFQaNco6gWSdNj-9pnb7\/view\" target=\"_blank\" rel=\"noopener\">Marzo de 2024<\/a><\/p>\n<p><a href=\"https:\/\/drive.google.com\/file\/d\/11VQ5C3YqLv5_KrSCG2t2rBLiAvfc8Wej\/view\" target=\"_blank\" rel=\"noopener\">Febrero de 2024<\/a><\/p>\n<p><a href=\"https:\/\/drive.google.com\/file\/d\/1qjGtmy38sth6_To0hgdq1BGlIMUEciZd\/view\" target=\"_blank\" rel=\"noopener\">Enero de 2024<\/a><\/p>\n<p>&nbsp;<\/p>\n<p>[\/et_pb_text][\/et_pb_column][\/et_pb_row][\/et_pb_section]<\/p>\n","protected":false},"excerpt":{"rendered":"<p>Notas de la naturaleza de Aprendiendo Entre Los Robles Nuestro bolet\u00ednEn nuestro bolet\u00edn de notas de la naturaleza, compartimos los aspectos m\u00e1s destacados de las actividades de Aprendiendo Entre Los Robles con las comunidades a las que servimos. Es una forma de mantenerse conectado e invitar a su participaci\u00f3n como voluntario, donante, socio, patrocinador empresarial [&hellip;]<\/p>\n","protected":false},"author":13,"featured_media":0,"parent":0,"menu_order":0,"comment_status":"closed","ping_status":"closed","template":"","meta":{"_et_pb_use_builder":"on","_et_pb_old_content":"","_et_gb_content_width":"","footnotes":""},"class_list":["post-242024","page","type-page","status-publish","hentry"],"_links":{"self":[{"href":"https:\/\/learningamongtheoaks.org\/es\/wp-json\/wp\/v2\/pages\/242024","targetHints":{"allow":["GET"]}}],"collection":[{"href":"https:\/\/learningamongtheoaks.org\/es\/wp-json\/wp\/v2\/pages"}],"about":[{"href":"https:\/\/learningamongtheoaks.org\/es\/wp-json\/wp\/v2\/types\/page"}],"author":[{"embeddable":true,"href":"https:\/\/learningamongtheoaks.org\/es\/wp-json\/wp\/v2\/users\/13"}],"replies":[{"embeddable":true,"href":"https:\/\/learningamongtheoaks.org\/es\/wp-json\/wp\/v2\/comments?post=242024"}],"version-history":[{"count":9,"href":"https:\/\/learningamongtheoaks.org\/es\/wp-json\/wp\/v2\/pages\/242024\/revisions"}],"predecessor-version":[{"id":242107,"href":"https:\/\/learningamongtheoaks.org\/es\/wp-json\/wp\/v2\/pages\/242024\/revisions\/242107"}],"wp:attachment":[{"href":"https:\/\/learningamongtheoaks.org\/es\/wp-json\/wp\/v2\/media?parent=242024"}],"curies":[{"name":"wp","href":"https:\/\/api.w.org\/{rel}","templated":true}]}}