{"id":242017,"date":"2022-08-22T19:02:47","date_gmt":"2022-08-22T19:02:47","guid":{"rendered":"https:\/\/learningamongtheoaks.org\/noticias-y-opiniones-de-lato\/"},"modified":"2025-07-29T18:37:28","modified_gmt":"2025-07-29T18:37:28","slug":"noticias-y-opiniones-de-lato","status":"publish","type":"page","link":"https:\/\/learningamongtheoaks.org\/es\/noticias-y-opiniones-de-lato\/","title":{"rendered":"Noticias y opiniones de Aprendiendo Entre Los Robles"},"content":{"rendered":"<p>[et_pb_section fb_built=\u00bb1&#8243; _builder_version=\u00bb4.19.3&#8243; _module_preset=\u00bbdefault\u00bb background_color=\u00bbrgba(255,255,255,0.92)\u00bb custom_padding=\u00bb||90px|||\u00bb hover_enabled=\u00bb0&#8243; global_colors_info=\u00bb{}\u00bb title_text=\u00bboak-leaves-background\u00bb background_image=\u00bbhttp:\/\/learningamongtheoaks.org\/wp-content\/uploads\/2022\/09\/oak-leaves-background.jpg\u00bb parallax=\u00bbon\u00bb parallax_method=\u00bboff\u00bb sticky_enabled=\u00bb0&#8243;][et_pb_row custom_padding_last_edited=\u00bbon|phone\u00bb _builder_version=\u00bb4.17.4&#8243; _module_preset=\u00bbdefault\u00bb custom_margin=\u00bb|auto|7px|auto||\u00bb custom_padding=\u00bb4%||0px||false|false\u00bb custom_padding_tablet=\u00bb1%||||false|false\u00bb custom_padding_phone=\u00bb1%||||false|false\u00bb global_colors_info=\u00bb{}\u00bb][et_pb_column type=\u00bb4_4&#8243; _builder_version=\u00bb4.17.4&#8243; _module_preset=\u00bbdefault\u00bb global_colors_info=\u00bb{}\u00bb][et_pb_text _builder_version=\u00bb4.17.4&#8243; _module_preset=\u00bbdefault\u00bb header_font=\u00bbAlegreya Sans||||||||\u00bb header_text_align=\u00bbcenter\u00bb header_font_size=\u00bb52px\u00bb header_2_font=\u00bbAlegreya Sans||||||||\u00bb header_2_text_align=\u00bbcenter\u00bb header_2_text_color=\u00bb#FFFFFF\u00bb header_2_font_size=\u00bb38px\u00bb header_2_line_height=\u00bb1.5em\u00bb custom_margin=\u00bb||7px|||\u00bb header_2_text_shadow_style=\u00bbpreset3&#8243; header_2_text_shadow_horizontal_length=\u00bb0.01em\u00bb header_2_text_shadow_vertical_length=\u00bb0.01em\u00bb header_2_text_shadow_blur_strength=\u00bb0.66em\u00bb global_colors_info=\u00bb{}\u00bb]<\/p>\n<h1>Noticias y opiniones de Aprendiendo Entre Los Robles<\/h1>\n<p>[\/et_pb_text][et_pb_text _builder_version=\u00bb4.17.4&#8243; _module_preset=\u00bbdefault\u00bb text_font=\u00bbLato||||||||\u00bb text_text_color=\u00bb#4c4c4c\u00bb text_font_size=\u00bb18px\u00bb text_line_height=\u00bb1.6em\u00bb header_2_font=\u00bbAlegreya Sans||||||||\u00bb header_2_text_align=\u00bbcenter\u00bb header_2_text_color=\u00bb#FFFFFF\u00bb header_2_font_size=\u00bb38px\u00bb header_2_line_height=\u00bb1.5em\u00bb text_orientation=\u00bbcenter\u00bb custom_margin=\u00bb||15px|||\u00bb header_2_text_shadow_style=\u00bbpreset3&#8243; header_2_text_shadow_horizontal_length=\u00bb0.01em\u00bb header_2_text_shadow_vertical_length=\u00bb0.01em\u00bb header_2_text_shadow_blur_strength=\u00bb0.66em\u00bb global_colors_info=\u00bb{}\u00bb]Aqu\u00ed encontrar\u00e1s informaci\u00f3n sobre lo que ocurre en nuestras escuelas p\u00fablicas asociadas, en nuestras rutas naturales y en las comunidades a las que servimos en todo el condado de San Luis Obispo. Los alumnos de Embajadores de Robles (j\u00f3venes gu\u00edas naturalistas de robles capacitados) y los docentes voluntarios compartir\u00e1n ocasionalmente sus perspectivas sobre sus experiencias en los senderos y el mundo.[\/et_pb_text][\/et_pb_column][\/et_pb_row][et_pb_row _builder_version=\u00bb4.17.4&#8243; _module_preset=\u00bbdefault\u00bb width=\u00bb85%\u00bb max_width=\u00bb1500px\u00bb custom_padding=\u00bb1.2%||1.2%||true|false\u00bb global_colors_info=\u00bb{}\u00bb][et_pb_column type=\u00bb4_4&#8243; _builder_version=\u00bb4.17.4&#8243; _module_preset=\u00bbdefault\u00bb global_colors_info=\u00bb{}\u00bb][dpdfg_filtergrid custom_query=\u00bbadvanced\u00bb use_taxonomy_terms=\u00bbon\u00bb include_terms=\u00bb19&#8243; post_number=\u00bb40&#8243; show_author=\u00bboff\u00bb show_date=\u00bbon\u00bb show_video_preview=\u00bbon\u00bb filter_terms=\u00bb168,166,167,162,164,163&#8243; items_layout=\u00bbdp-dfg-layout-masonry\u00bb items_width=\u00bb30%\u00bb column_gutter=\u00bb4em\u00bb row_gutter=\u00bb4em\u00bb popup_bg=\u00bbRGBA(255,255,255,0)\u00bb overlay_icon_color=\u00bbgcid-51eaea78-813f-4272-b8b7-c3e452251e13&#8243; hover_overlay_color=\u00bbrgba(255,255,255,0.76)\u00bb _builder_version=\u00bb4.17.4&#8243; _module_preset=\u00bbdefault\u00bb dpdfg_entry_title_font=\u00bbAlegreya Sans||||||||\u00bb dpdfg_entry_title_font_size=\u00bb28px\u00bb dpdfg_entry_title_line_height=\u00bb1.2em\u00bb dpdfg_entry_meta_text_color=\u00bbgcid-ffa6660f-0ff0-4e1f-89aa-92f8c10c95ce\u00bb dpdfg_filters_font=\u00bbLato|700|||||||\u00bb dpdfg_filters_active_font=\u00bbLato||||||||\u00bb custom_padding=\u00bb||||false|false\u00bb custom_css_entry-header=\u00bbpadding: 5%;\u00bb custom_css_entry-meta=\u00bbpadding: 5%;\u00bb global_colors_info=\u00bb{%22gcid-51eaea78-813f-4272-b8b7-c3e452251e13%22:%91%22overlay_icon_color%22%93,%22gcid-ffa6660f-0ff0-4e1f-89aa-92f8c10c95ce%22:%91%22dpdfg_entry_meta_text_color%22%93}\u00bb][\/dpdfg_filtergrid][\/et_pb_column][\/et_pb_row][\/et_pb_section]<\/p>\n","protected":false},"excerpt":{"rendered":"<p>Noticias y opiniones de Aprendiendo Entre Los RoblesAqu\u00ed encontrar\u00e1s informaci\u00f3n sobre lo que ocurre en nuestras escuelas p\u00fablicas asociadas, en nuestras rutas naturales y en las comunidades a las que servimos en todo el condado de San Luis Obispo. Los alumnos de Embajadores de Robles (j\u00f3venes gu\u00edas naturalistas de robles capacitados) y los docentes voluntarios [&hellip;]<\/p>\n","protected":false},"author":13,"featured_media":0,"parent":0,"menu_order":0,"comment_status":"closed","ping_status":"closed","template":"","meta":{"_et_pb_use_builder":"on","_et_pb_old_content":"","_et_gb_content_width":"","footnotes":""},"class_list":["post-242017","page","type-page","status-publish","hentry"],"_links":{"self":[{"href":"https:\/\/learningamongtheoaks.org\/es\/wp-json\/wp\/v2\/pages\/242017","targetHints":{"allow":["GET"]}}],"collection":[{"href":"https:\/\/learningamongtheoaks.org\/es\/wp-json\/wp\/v2\/pages"}],"about":[{"href":"https:\/\/learningamongtheoaks.org\/es\/wp-json\/wp\/v2\/types\/page"}],"author":[{"embeddable":true,"href":"https:\/\/learningamongtheoaks.org\/es\/wp-json\/wp\/v2\/users\/13"}],"replies":[{"embeddable":true,"href":"https:\/\/learningamongtheoaks.org\/es\/wp-json\/wp\/v2\/comments?post=242017"}],"version-history":[{"count":7,"href":"https:\/\/learningamongtheoaks.org\/es\/wp-json\/wp\/v2\/pages\/242017\/revisions"}],"predecessor-version":[{"id":242072,"href":"https:\/\/learningamongtheoaks.org\/es\/wp-json\/wp\/v2\/pages\/242017\/revisions\/242072"}],"wp:attachment":[{"href":"https:\/\/learningamongtheoaks.org\/es\/wp-json\/wp\/v2\/media?parent=242017"}],"curies":[{"name":"wp","href":"https:\/\/api.w.org\/{rel}","templated":true}]}}