{"id":242004,"date":"2022-12-13T21:57:47","date_gmt":"2022-12-13T21:57:47","guid":{"rendered":"https:\/\/learningamongtheoaks.org\/nuestra-historia\/"},"modified":"2025-11-21T19:16:54","modified_gmt":"2025-11-21T19:16:54","slug":"nuestra-historia","status":"publish","type":"page","link":"https:\/\/learningamongtheoaks.org\/es\/nuestra-historia\/","title":{"rendered":"Nuestra historia"},"content":{"rendered":"<p>[et_pb_section fb_built=\u00bb1&#8243; _builder_version=\u00bb4.18.1&#8243; _module_preset=\u00bbdefault\u00bb background_image=\u00bbhttps:\/\/learningamongtheoaks.org\/wp-content\/uploads\/2020\/07\/2013-04-06-08.47.17-scaled.jpg\u00bb custom_padding=\u00bb3.4%||3.4%||true|false\u00bb global_colors_info=\u00bb{}\u00bb][et_pb_row _builder_version=\u00bb4.17.4&#8243; _module_preset=\u00bbdefault\u00bb global_colors_info=\u00bb{}\u00bb][et_pb_column type=\u00bb4_4&#8243; _builder_version=\u00bb4.17.4&#8243; _module_preset=\u00bbdefault\u00bb global_colors_info=\u00bb{}\u00bb][et_pb_text _builder_version=\u00bb4.17.4&#8243; _module_preset=\u00bbdefault\u00bb header_font=\u00bbAlegreya Sans||||||||\u00bb header_text_align=\u00bbcenter\u00bb header_text_color=\u00bb#FFFFFF\u00bb header_font_size=\u00bb58px\u00bb header_text_shadow_style=\u00bbpreset3&#8243; header_text_shadow_horizontal_length=\u00bb0.01em\u00bb header_text_shadow_vertical_length=\u00bb0.01em\u00bb header_text_shadow_blur_strength=\u00bb0.56em\u00bb header_text_shadow_color=\u00bbrgba(0,0,0,0.86)\u00bb global_colors_info=\u00bb{}\u00bb]<\/p>\n<h1>Nuestra historia<\/h1>\n<p>[\/et_pb_text][\/et_pb_column][\/et_pb_row][\/et_pb_section][et_pb_section fb_built=\u00bb1&#8243; custom_padding_last_edited=\u00bbon|tablet\u00bb admin_label=\u00bbAbout\u00bb _builder_version=\u00bb4.24.0&#8243; _module_preset=\u00bbdefault\u00bb background_image=\u00bbhttps:\/\/learningamongtheoaks.org\/wp-content\/uploads\/2022\/09\/oak-leaves-background.jpg\u00bb parallax=\u00bbon\u00bb parallax_method=\u00bboff\u00bb custom_margin=\u00bb0px||0px||true|false\u00bb custom_padding=\u00bb3%||3%||true|false\u00bb custom_padding_tablet=\u00bb|10vw||10vw||true\u00bb custom_padding_phone=\u00bb\u00bb custom_width_px__hover=\u00bb1080px\u00bb custom_width_px__hover_enabled=\u00bb1080px\u00bb custom_width_percent__hover=\u00bb80%\u00bb custom_width_percent__hover_enabled=\u00bb80%\u00bb global_colors_info=\u00bb{}\u00bb gutter_width__hover=\u00bb3&#8243; gutter_width__hover_enabled=\u00bb3&#8243; parallax_1__hover=\u00bboff\u00bb parallax_1__hover_enabled=\u00bboff\u00bb parallax_2__hover=\u00bboff\u00bb parallax_2__hover_enabled=\u00bboff\u00bb parallax_3__hover=\u00bboff\u00bb parallax_3__hover_enabled=\u00bboff\u00bb parallax_method_1__hover=\u00bbon\u00bb parallax_method_1__hover_enabled=\u00bbon\u00bb parallax_method_2__hover=\u00bbon\u00bb parallax_method_2__hover_enabled=\u00bbon\u00bb parallax_method_3__hover=\u00bbon\u00bb parallax_method_3__hover_enabled=\u00bbon\u00bb inner_shadow__hover=\u00bboff\u00bb inner_shadow__hover_enabled=\u00bboff\u00bb make_fullwidth__hover=\u00bboff\u00bb make_fullwidth__hover_enabled=\u00bboff\u00bb use_custom_width__hover=\u00bboff\u00bb use_custom_width__hover_enabled=\u00bboff\u00bb width_unit__hover=\u00bbon\u00bb width_unit__hover_enabled=\u00bbon\u00bb make_equal__hover=\u00bboff\u00bb make_equal__hover_enabled=\u00bboff\u00bb use_custom_gutter__hover=\u00bboff\u00bb use_custom_gutter__hover_enabled=\u00bboff\u00bb border_radii__hover=\u00bbon||||\u00bb border_radii__hover_enabled=\u00bbon||||\u00bb box_shadow_style__hover=\u00bbnone\u00bb box_shadow_style__hover_enabled=\u00bbnone\u00bb box_shadow_color__hover=\u00bbrgba(0,0,0,0.3)\u00bb box_shadow_color__hover_enabled=\u00bbrgba(0,0,0,0.3)\u00bb max_width__hover=\u00bb100%\u00bb max_width__hover_enabled=\u00bb100%\u00bb filter_hue_rotate__hover=\u00bb0deg\u00bb filter_hue_rotate__hover_enabled=\u00bb0deg\u00bb filter_saturate__hover=\u00bb100%\u00bb filter_saturate__hover_enabled=\u00bb100%\u00bb filter_brightness__hover=\u00bb100%\u00bb filter_brightness__hover_enabled=\u00bb100%\u00bb filter_contrast__hover=\u00bb100%\u00bb filter_contrast__hover_enabled=\u00bb100%\u00bb filter_invert__hover=\u00bb0%\u00bb filter_invert__hover_enabled=\u00bb0%\u00bb filter_sepia__hover=\u00bb0%\u00bb filter_sepia__hover_enabled=\u00bb0%\u00bb filter_opacity__hover=\u00bb100%\u00bb filter_opacity__hover_enabled=\u00bb100%\u00bb filter_blur__hover=\u00bb0px\u00bb filter_blur__hover_enabled=\u00bb0px\u00bb mix_blend_mode__hover=\u00bbnormal\u00bb mix_blend_mode__hover_enabled=\u00bbnormal\u00bb animation_style__hover=\u00bbnone\u00bb animation_style__hover_enabled=\u00bbnone\u00bb animation_repeat__hover=\u00bbonce\u00bb animation_repeat__hover_enabled=\u00bbonce\u00bb animation_direction__hover=\u00bbcenter\u00bb animation_direction__hover_enabled=\u00bbcenter\u00bb animation_duration__hover=\u00bb1000ms\u00bb animation_duration__hover_enabled=\u00bb1000ms\u00bb animation_delay__hover=\u00bb0ms\u00bb animation_delay__hover_enabled=\u00bb0ms\u00bb animation_intensity_slide__hover=\u00bb50%\u00bb animation_intensity_slide__hover_enabled=\u00bb50%\u00bb animation_intensity_zoom__hover=\u00bb50%\u00bb animation_intensity_zoom__hover_enabled=\u00bb50%\u00bb animation_intensity_flip__hover=\u00bb50%\u00bb animation_intensity_flip__hover_enabled=\u00bb50%\u00bb animation_intensity_fold__hover=\u00bb50%\u00bb animation_intensity_fold__hover_enabled=\u00bb50%\u00bb animation_intensity_roll__hover=\u00bb50%\u00bb animation_intensity_roll__hover_enabled=\u00bb50%\u00bb animation_starting_opacity__hover=\u00bb0%\u00bb animation_starting_opacity__hover_enabled=\u00bb0%\u00bb animation_speed_curve__hover=\u00bbease-in-out\u00bb animation_speed_curve__hover_enabled=\u00bbease-in-out\u00bb hover_transition_duration__hover=\u00bb300ms\u00bb hover_transition_duration__hover_enabled=\u00bb300ms\u00bb hover_transition_delay__hover=\u00bb0ms\u00bb hover_transition_delay__hover_enabled=\u00bb0ms\u00bb hover_transition_speed_curve__hover=\u00bbease\u00bb hover_transition_speed_curve__hover_enabled=\u00bbease\u00bb][et_pb_row _builder_version=\u00bb4.19.3&#8243; _module_preset=\u00bbdefault\u00bb width_tablet=\u00bb\u00bb width_phone=\u00bb94%\u00bb width_last_edited=\u00bbon|phone\u00bb max_width=\u00bb1411px\u00bb module_alignment=\u00bbcenter\u00bb custom_padding=\u00bb27px|0px|0|0px|false|false\u00bb use_custom_width=\u00bbon\u00bb width_unit=\u00bboff\u00bb custom_width_percent=\u00bb100%\u00bb global_colors_info=\u00bb{}\u00bb][et_pb_column type=\u00bb4_4&#8243; _builder_version=\u00bb4.16&#8243; _module_preset=\u00bbdefault\u00bb custom_padding=\u00bb|||\u00bb custom_padding_tablet=\u00bb|10vw||10vw||true\u00bb custom_padding_phone=\u00bb|||\u00bb custom_padding_last_edited=\u00bboff|desktop\u00bb global_colors_info=\u00bb{}\u00bb custom_padding__hover=\u00bb|||\u00bb][et_pb_text _builder_version=\u00bb4.17.4&#8243; _module_preset=\u00bbdefault\u00bb header_font=\u00bb||||||||\u00bb header_2_font=\u00bbAlegreya Sans||||||||\u00bb header_2_text_color=\u00bbgcid-51eaea78-813f-4272-b8b7-c3e452251e13&#8243; header_2_font_size=\u00bb43px\u00bb header_2_line_height=\u00bb1.4em\u00bb custom_margin=\u00bb||0px|||\u00bb header_2_font_size_tablet=\u00bb30px\u00bb header_2_font_size_phone=\u00bb24px\u00bb header_2_font_size_last_edited=\u00bbon|phone\u00bb global_colors_info=\u00bb{%22gcid-51eaea78-813f-4272-b8b7-c3e452251e13%22:%91%22header_2_text_color%22%93}\u00bb]<\/p>\n<h2>Todo comenz\u00f3 con un profesor so\u00f1ador <\/h2>\n<p>[\/et_pb_text][et_pb_divider show_divider=\u00bboff\u00bb _builder_version=\u00bb4.17.4&#8243; _module_preset=\u00bbdefault\u00bb max_width=\u00bb80px\u00bb height=\u00bb3px\u00bb global_colors_info=\u00bb{}\u00bb]<br \/>\n[\/et_pb_divider][\/et_pb_column][\/et_pb_row][et_pb_row column_structure=\u00bb1_2,1_2&#8243; _builder_version=\u00bb4.27.4&#8243; _module_preset=\u00bbdefault\u00bb width_tablet=\u00bb\u00bb width_phone=\u00bb94%\u00bb width_last_edited=\u00bbon|phone\u00bb max_width=\u00bb1411px\u00bb module_alignment=\u00bbcenter\u00bb custom_padding=\u00bb5px||26px|||\u00bb use_custom_width=\u00bbon\u00bb width_unit=\u00bboff\u00bb custom_width_percent=\u00bb100%\u00bb global_colors_info=\u00bb{}\u00bb][et_pb_column type=\u00bb1_2&#8243; _builder_version=\u00bb4.18.1&#8243; _module_preset=\u00bbdefault\u00bb global_colors_info=\u00bb{}\u00bb][et_pb_text _builder_version=\u00bb4.27.4&#8243; _module_preset=\u00bbdefault\u00bb hover_enabled=\u00bb0&#8243; global_colors_info=\u00bb{}\u00bb sticky_enabled=\u00bb0&#8243;]<\/p>\n<p style=\"text-align: left;\">Aprendiendo Entre Los Robles (LATO) comenz\u00f3 con un profesor que so\u00f1aba con sacar a los ni\u00f1os del aula y llevarlos a los bosques de robles que rodean una escuela rural de California. Con una subvenci\u00f3n plurianual, muchos socios y algo de suerte, las aventuras de LATO comenzaron en 2005. Pronto, los ni\u00f1os, los profesores y las familias de la escuela primaria Santa Margarita comenzaron a experimentar la alegr\u00eda de hacer descubrimientos y aprender al aire libre. Temporada tras temporada, a\u00f1o tras a\u00f1o, el sendero de LATO en el rancho Santa Margarita se convirti\u00f3 en un camino muy transitado.<\/p>\n<p style=\"text-align: left;\">Los ni\u00f1os sent\u00edan una conexi\u00f3n con la tierra y estaban ansiosos por compartir lo que hab\u00edan aprendido a lo largo de los a\u00f1os. \u00bfQui\u00e9n mejor para ense\u00f1ar a otros ni\u00f1os que los ni\u00f1os mayores? As\u00ed, en 2010, comenz\u00f3 el programa de formaci\u00f3n de naturalistas junior, conocido como Embajadores del Roble. LATO ahora tiene presencia en tres escuelas primarias p\u00fablicas diferentes del condado de San Luis Obispo, cada una con su propio sendero natural asociado.<\/p>\n<p style=\"text-align: left;\">Miles de personas, en su mayor\u00eda escolares y familias, participan cada a\u00f1o en las excursiones y actividades de LATO. Muchos proyectos derivados, incluidas las populares c\u00e1maras de vida silvestre, los espect\u00e1culos de marionetas y los sketches, han convertido a LATO en un programa de gran impacto y en un motivo de orgullo para todos los implicados.<\/p>\n<p>[\/et_pb_text][et_pb_button button_url=\u00bbhttps:\/\/www.canva.com\/design\/DAFMbt31c2U\/sqFonG5vHNWXXOjbWD6Fvg\/view?utm_content=DAFMbt31c2U&amp;utm_campaign=designshare&amp;utm_medium=link&amp;utm_source=publishsharelink\u00bb button_text=\u00bbVer el folleto de LATO\u00bb button_alignment=\u00bbleft\u00bb _builder_version=\u00bb4.18.1&#8243; _module_preset=\u00bbdefault\u00bb custom_button=\u00bbon\u00bb button_text_size=\u00bb26px\u00bb button_text_color=\u00bb#FFFFFF\u00bb button_bg_color=\u00bbgcid-0c6e787f-14da-4be0-bb81-9886d5e72d41&#8243; button_border_color=\u00bbgcid-0c6e787f-14da-4be0-bb81-9886d5e72d41&#8243; button_letter_spacing=\u00bb1px\u00bb custom_margin=\u00bb40px|||||\u00bb custom_padding=\u00bb|36px||36px|false|false\u00bb global_colors_info=\u00bb{%22gcid-0c6e787f-14da-4be0-bb81-9886d5e72d41%22:%91%22button_bg_color%22,%22button_border_color%22%93}\u00bb][\/et_pb_button][\/et_pb_column][et_pb_column type=\u00bb1_2&#8243; _builder_version=\u00bb4.16&#8243; _module_preset=\u00bbdefault\u00bb custom_padding=\u00bb|||\u00bb custom_padding_tablet=\u00bb0vw|||\u00bb custom_padding_last_edited=\u00bboff|desktop\u00bb global_colors_info=\u00bb{}\u00bb custom_padding__hover=\u00bb|||\u00bb][et_pb_video src=\u00bbhttps:\/\/youtu.be\/uqJJoaP0S_s\u00bb _builder_version=\u00bb4.18.1&#8243; _module_preset=\u00bbdefault\u00bb global_colors_info=\u00bb{}\u00bb][\/et_pb_video][\/et_pb_column][\/et_pb_row][\/et_pb_section][et_pb_section fb_built=\u00bb1&#8243; admin_label=\u00bbHeader\u00bb _builder_version=\u00bb4.17.4&#8243; _module_preset=\u00bbdefault\u00bb background_image=\u00bbhttps:\/\/learningamongtheoaks.org\/wp-content\/uploads\/2022\/05\/IMG_0984-scaled.jpeg\u00bb custom_padding=\u00bb10vw||4%||false|false\u00bb global_colors_info=\u00bb{}\u00bb background_color_gradient_start__hover=\u00bb#2b87da\u00bb background_color_gradient_start__hover_enabled=\u00bb#2b87da\u00bb background_color_gradient_end__hover=\u00bb#29c4a9&#8243; background_color_gradient_end__hover_enabled=\u00bb#29c4a9&#8243; use_background_color_gradient__hover=\u00bboff\u00bb use_background_color_gradient__hover_enabled=\u00bboff\u00bb background_color_gradient_type__hover=\u00bblinear\u00bb background_color_gradient_type__hover_enabled=\u00bblinear\u00bb background_color_gradient_direction__hover=\u00bb180deg\u00bb background_color_gradient_direction__hover_enabled=\u00bb180deg\u00bb background_color_gradient_direction_radial__hover=\u00bbcenter\u00bb background_color_gradient_direction_radial__hover_enabled=\u00bbcenter\u00bb background_color_gradient_start_position__hover=\u00bb0%\u00bb background_color_gradient_start_position__hover_enabled=\u00bb0%\u00bb background_color_gradient_end_position__hover=\u00bb100%\u00bb background_color_gradient_end_position__hover_enabled=\u00bb100%\u00bb background_color_gradient_overlays_image__hover=\u00bboff\u00bb background_color_gradient_overlays_image__hover_enabled=\u00bboff\u00bb background_color_gradient_stops__hover=\u00bb#2b87da 0%|#29c4a9 100%\u00bb][\/et_pb_section]<\/p>\n","protected":false},"excerpt":{"rendered":"<p>Nuestra historiaTodo comenz\u00f3 con un profesor so\u00f1ador Aprendiendo Entre Los Robles (LATO) comenz\u00f3 con un profesor que so\u00f1aba con sacar a los ni\u00f1os del aula y llevarlos a los bosques de robles que rodean una escuela rural de California. Con una subvenci\u00f3n plurianual, muchos socios y algo de suerte, las aventuras de LATO comenzaron en [&hellip;]<\/p>\n","protected":false},"author":2,"featured_media":0,"parent":0,"menu_order":0,"comment_status":"closed","ping_status":"closed","template":"","meta":{"_et_pb_use_builder":"on","_et_pb_old_content":"","_et_gb_content_width":"","footnotes":""},"class_list":["post-242004","page","type-page","status-publish","hentry"],"_links":{"self":[{"href":"https:\/\/learningamongtheoaks.org\/es\/wp-json\/wp\/v2\/pages\/242004","targetHints":{"allow":["GET"]}}],"collection":[{"href":"https:\/\/learningamongtheoaks.org\/es\/wp-json\/wp\/v2\/pages"}],"about":[{"href":"https:\/\/learningamongtheoaks.org\/es\/wp-json\/wp\/v2\/types\/page"}],"author":[{"embeddable":true,"href":"https:\/\/learningamongtheoaks.org\/es\/wp-json\/wp\/v2\/users\/2"}],"replies":[{"embeddable":true,"href":"https:\/\/learningamongtheoaks.org\/es\/wp-json\/wp\/v2\/comments?post=242004"}],"version-history":[{"count":17,"href":"https:\/\/learningamongtheoaks.org\/es\/wp-json\/wp\/v2\/pages\/242004\/revisions"}],"predecessor-version":[{"id":242121,"href":"https:\/\/learningamongtheoaks.org\/es\/wp-json\/wp\/v2\/pages\/242004\/revisions\/242121"}],"wp:attachment":[{"href":"https:\/\/learningamongtheoaks.org\/es\/wp-json\/wp\/v2\/media?parent=242004"}],"curies":[{"name":"wp","href":"https:\/\/api.w.org\/{rel}","templated":true}]}}