{"id":241994,"date":"2020-05-20T20:57:59","date_gmt":"2020-05-20T20:57:59","guid":{"rendered":"https:\/\/learningamongtheoaks.org\/jardines-de-habitat\/"},"modified":"2025-07-29T18:25:59","modified_gmt":"2025-07-29T18:25:59","slug":"jardines-de-habitat","status":"publish","type":"page","link":"https:\/\/learningamongtheoaks.org\/es\/jardines-de-habitat\/","title":{"rendered":"Jardines de h\u00e1bitat"},"content":{"rendered":"<p>[et_pb_section fb_built=\u00bb1&#8243; _builder_version=\u00bb4.16&#8243; background_image=\u00bbhttps:\/\/learningamongtheoaks.org\/wp-content\/uploads\/2017\/09\/IMG_3225.jpg\u00bb min_height=\u00bb400px\u00bb custom_margin=\u00bb||||false|false\u00bb global_colors_info=\u00bb{}\u00bb][et_pb_row _builder_version=\u00bb4.16&#8243; custom_margin=\u00bb||||false|false\u00bb global_colors_info=\u00bb{}\u00bb][et_pb_column type=\u00bb4_4&#8243; _builder_version=\u00bb4.16&#8243; global_colors_info=\u00bb{}\u00bb][\/et_pb_column][\/et_pb_row][et_pb_row _builder_version=\u00bb4.16&#8243; custom_margin=\u00bb0px||0px||false|false\u00bb global_colors_info=\u00bb{}\u00bb][et_pb_column type=\u00bb4_4&#8243; _builder_version=\u00bb4.16&#8243; global_colors_info=\u00bb{}\u00bb][et_pb_text _builder_version=\u00bb4.27.4&#8243; _module_preset=\u00bbdefault\u00bb text_font=\u00bbAlegreya Sans||||||||\u00bb text_text_color=\u00bb#FFFFFF\u00bb text_font_size=\u00bb80px\u00bb text_orientation=\u00bbcenter\u00bb hover_enabled=\u00bb0&#8243; text_text_shadow_style=\u00bbpreset1&#8243; text_text_shadow_color=\u00bb#000000&#8243; global_colors_info=\u00bb{}\u00bb sticky_enabled=\u00bb0&#8243;]<\/p>\n<p>Jardines de h\u00e1bitat<\/p>\n<p>[\/et_pb_text][\/et_pb_column][\/et_pb_row][\/et_pb_section][et_pb_section fb_built=\u00bb1&#8243; _builder_version=\u00bb4.24.0&#8243; background_image=\u00bbhttps:\/\/learningamongtheoaks.org\/wp-content\/uploads\/2022\/09\/oak-leaves-background.jpg\u00bb parallax=\u00bbon\u00bb global_colors_info=\u00bb{}\u00bb][et_pb_row _builder_version=\u00bb4.16&#8243; custom_padding=\u00bb||0px|||\u00bb global_colors_info=\u00bb{}\u00bb][et_pb_column type=\u00bb4_4&#8243; _builder_version=\u00bb4.16&#8243; global_colors_info=\u00bb{}\u00bb][et_pb_text _builder_version=\u00bb4.27.4&#8243; text_font=\u00bbLato||||||||\u00bb header_font=\u00bbLato||||||||\u00bb hover_enabled=\u00bb0&#8243; inline_fonts=\u00bbAlegreya Sans\u00bb global_colors_info=\u00bb{}\u00bb sticky_enabled=\u00bb0&#8243;]<\/p>\n<h4 style=\"text-align: left;\"><span style=\"font-family: 'Alegreya Sans'; font-size: x-large;\">Que es un jardines de habitat? <\/span><\/h4>\n<p style=\"text-align: left;\"><span style=\"font-family: 'Alegreya Sans'; font-size: x-large;\">Es un lugar donde los ni\u00f1os y las familias pueden explorar y aprender sobre la naturaleza cerca de la escuela y el hogar. En la escuela primaria Santa Margarita, hemos trabajado con el Distrito Escolar Unificado de Atascadero para crear y mantener dos espacios para que los estudiantes y la comunidad los disfruten. Estos espacios brindan oportunidades educativas y de administraci\u00f3n. \u00a1Un aula viviente al aire libre necesita cuidados continuos! Damos la bienvenida a familias y voluntarios para que nos ayuden a mantener estos jardines especiales.<\/span><\/p>\n<p>[\/et_pb_text][\/et_pb_column][\/et_pb_row][et_pb_row column_structure=\u00bb1_2,1_2&#8243; _builder_version=\u00bb4.24.0&#8243; custom_padding=\u00bb||2px|||\u00bb global_colors_info=\u00bb{}\u00bb][et_pb_column type=\u00bb1_2&#8243; _builder_version=\u00bb4.16&#8243; global_colors_info=\u00bb{}\u00bb][et_pb_heading title=\u00bbJard\u00edn de polinizadores Puerta a la naturaleza y estaci\u00f3n de paso de la monarca\u00bb _builder_version=\u00bb4.25.1&#8243; _module_preset=\u00bbdefault\u00bb title_font=\u00bbAlegreya Sans||||||||\u00bb title_text_align=\u00bbcenter\u00bb title_font_size=\u00bb25px\u00bb width=\u00bb99%\u00bb custom_margin=\u00bb|-34px|16px|||\u00bb custom_padding=\u00bb|0px||0px|false|false\u00bb global_colors_info=\u00bb{}\u00bb][\/et_pb_heading][et_pb_text _builder_version=\u00bb4.27.4&#8243; custom_margin=\u00bb-25px|||||\u00bb hover_enabled=\u00bb0&#8243; global_colors_info=\u00bb{}\u00bb sticky_enabled=\u00bb0&#8243;]<\/p>\n<p style=\"text-align: left;\"><strong>Ubicaci\u00f3n:<\/strong> A lo largo de H St. en la autopista 58, adyacente a la <a href=\"https:\/\/goo.gl\/maps\/yQ2AHAUCSm4z6hmY9\">escuela primaria Santa Margarita.<\/a><\/p>\n<p><strong>Qu\u00e9 ver\u00e1:<\/strong> Plantas nativas asociadas con nuestras comunidades locales de bosques de robles y plantas de chaparral. Este sendero es totalmente accesible, con un banco y \u00e1reas para sentarse en rocas. Est\u00e1 abierto al p\u00fablico durante las horas del d\u00eda, a menos que lo utilicen las clases de la escuela primaria Santa Margarita.<\/p>\n<p>[\/et_pb_text][\/et_pb_column][et_pb_column type=\u00bb1_2&#8243; _builder_version=\u00bb4.22.2&#8243; _module_preset=\u00bbdefault\u00bb global_colors_info=\u00bb{}\u00bb][et_pb_image src=\u00bbhttps:\/\/learningamongtheoaks.org\/wp-content\/uploads\/2024\/02\/IMG_3008-scaled.jpg\u00bb alt=\u00bbVista del jard\u00edn natural de la escuela primaria Santa Margarita\u00bb title_text=\u00bbIMG_3008&#8243; _builder_version=\u00bb4.27.2&#8243; _module_preset=\u00bbdefault\u00bb global_colors_info=\u00bb{}\u00bb][\/et_pb_image][\/et_pb_column][\/et_pb_row][et_pb_row column_structure=\u00bb1_2,1_2&#8243; _builder_version=\u00bb4.27.4&#8243; custom_padding=\u00bb||4px|||\u00bb hover_enabled=\u00bb0&#8243; global_colors_info=\u00bb{}\u00bb sticky_enabled=\u00bb0&#8243;][et_pb_column type=\u00bb1_2&#8243; _builder_version=\u00bb4.16&#8243; global_colors_info=\u00bb{}\u00bb][et_pb_image src=\u00bbhttps:\/\/learningamongtheoaks.org\/wp-content\/uploads\/2024\/02\/IMG_9097.jpg\u00bb alt=\u00bbPlaca conmemorativa para Marguerite Costigan con flores rojas de mimulus\u00bb title_text=\u00bbIMG_9097&#8243; _builder_version=\u00bb4.27.2&#8243; global_colors_info=\u00bb{}\u00bb][\/et_pb_image][\/et_pb_column][et_pb_column type=\u00bb1_2&#8243; _builder_version=\u00bb4.16&#8243; global_colors_info=\u00bb{}\u00bb][et_pb_heading title=\u00bbPaisaje comunitario de robles nativos de Marguerite\u00bb _builder_version=\u00bb4.22.2&#8243; _module_preset=\u00bbdefault\u00bb title_font=\u00bbAlegreya Sans||||||||\u00bb title_text_align=\u00bbcenter\u00bb title_font_size=\u00bb25px\u00bb custom_margin=\u00bb||-5px|||\u00bb global_colors_info=\u00bb{}\u00bb][\/et_pb_heading][et_pb_text _builder_version=\u00bb4.27.4&#8243; hover_enabled=\u00bb0&#8243; global_colors_info=\u00bb{}\u00bb sticky_enabled=\u00bb0&#8243;]<\/p>\n<p style=\"text-align: left;\"><strong>Ubicaci\u00f3n:<\/strong> Al final del <a href=\"https:\/\/goo.gl\/maps\/yQ2AHAUCSm4z6hmY9\">estacionamiento de la escuela primaria Santa Margarita<\/a>, cerca de la entrada al sendero LATO de Santa Margarita Ranch. Se puede acceder a este paisaje siempre que el estacionamiento de la escuela est\u00e9 abierto.<\/p>\n<p><strong>Qu\u00e9 ver\u00e1:<\/strong> Algunas de las plantas nativas asociadas con la comunidad local de plantas de robles nativos. Este es un peque\u00f1o espacio ajardinado sin sendero ni otras comodidades. Dedicado el 5 de junio de 2016 en honor a Marguerite Costigan. Marguerite es una naturalista, amante de los insectos, artista y poeta que ha apoyado la educaci\u00f3n sobre la naturaleza para el programa LATO de la escuela Santa Margarita desde sus inicios en 2005.<\/p>\n<p>[\/et_pb_text][\/et_pb_column][\/et_pb_row][\/et_pb_section]<\/p>\n","protected":false},"excerpt":{"rendered":"<p>Jardines de h\u00e1bitatQue es un jardines de habitat? Es un lugar donde los ni\u00f1os y las familias pueden explorar y aprender sobre la naturaleza cerca de la escuela y el hogar. En la escuela primaria Santa Margarita, hemos trabajado con el Distrito Escolar Unificado de Atascadero para crear y mantener dos espacios para que los [&hellip;]<\/p>\n","protected":false},"author":2,"featured_media":0,"parent":0,"menu_order":0,"comment_status":"closed","ping_status":"closed","template":"","meta":{"_et_pb_use_builder":"on","_et_pb_old_content":"","_et_gb_content_width":"","footnotes":""},"class_list":["post-241994","page","type-page","status-publish","hentry"],"_links":{"self":[{"href":"https:\/\/learningamongtheoaks.org\/es\/wp-json\/wp\/v2\/pages\/241994","targetHints":{"allow":["GET"]}}],"collection":[{"href":"https:\/\/learningamongtheoaks.org\/es\/wp-json\/wp\/v2\/pages"}],"about":[{"href":"https:\/\/learningamongtheoaks.org\/es\/wp-json\/wp\/v2\/types\/page"}],"author":[{"embeddable":true,"href":"https:\/\/learningamongtheoaks.org\/es\/wp-json\/wp\/v2\/users\/2"}],"replies":[{"embeddable":true,"href":"https:\/\/learningamongtheoaks.org\/es\/wp-json\/wp\/v2\/comments?post=241994"}],"version-history":[{"count":7,"href":"https:\/\/learningamongtheoaks.org\/es\/wp-json\/wp\/v2\/pages\/241994\/revisions"}],"predecessor-version":[{"id":242051,"href":"https:\/\/learningamongtheoaks.org\/es\/wp-json\/wp\/v2\/pages\/241994\/revisions\/242051"}],"wp:attachment":[{"href":"https:\/\/learningamongtheoaks.org\/es\/wp-json\/wp\/v2\/media?parent=241994"}],"curies":[{"name":"wp","href":"https:\/\/api.w.org\/{rel}","templated":true}]}}